{"id":1167,"date":"2025-02-24T01:35:43","date_gmt":"2025-02-24T06:35:43","guid":{"rendered":"https:\/\/dvsantos.com\/?page_id=1167"},"modified":"2025-03-06T18:57:30","modified_gmt":"2025-03-06T23:57:30","slug":"oleoductos-gasoductos","status":"publish","type":"page","link":"https:\/\/dvsantos.com\/es\/oleoductos-gasoductos\/","title":{"rendered":"Oleoductos y Gasoductos"},"content":{"rendered":"<p>[vc_row overflow=&#8221;default&#8221; css=&#8221;.vc_custom_1738944487112{padding-top: 90px !important;}&#8221;][vc_column]\r\n<div class=\"sh-heading  \" id=\"heading-BZS8xod3qX\">\r\n\t<div class=\"sh-element-margin\">\r\n\r\n\t\t\r\n\t\t\t<h2 class=\"sh-heading-content size-default text-center\">\r\n\t\t\t\tEXPERIENCIA PREVIA DEL EQUIPO\t\t\t<\/h2>\r\n\r\n\t\t\r\n\t<\/div>\r\n<\/div>\r\n            <style type=\"text\/css\">\r\n                #heading-BZS8xod3qX .sh-element-margin {margin: 15px 0px 15px 0px;}#heading-BZS8xod3qX .sh-heading-content {font-weight: 700!important;color: #0473aa;}#heading-BZS8xod3qX .sh-heading-content,#heading-BZS8xod3qX .sh-heading-additional-text {}            <\/style>\r\n        \r\n<div class=\"sh-heading  \" id=\"heading-9EgHnswj7v\">\r\n\t<div class=\"sh-element-margin\">\r\n\r\n\t\t\r\n\t\t\t<h3 class=\"sh-heading-content size-default text-center\">\r\n\t\t\t\tOleoductos y Gasoductos\t\t\t<\/h3>\r\n\r\n\t\t\r\n\t<\/div>\r\n<\/div>\r\n            <style type=\"text\/css\">\r\n                #heading-9EgHnswj7v .sh-element-margin {margin: 15px 0px 15px 0px;}#heading-9EgHnswj7v .sh-heading-content {font-weight: 700!important;color: #7a7a7a;}#heading-9EgHnswj7v .sh-heading-content,#heading-9EgHnswj7v .sh-heading-additional-text {}            <\/style>\r\n        [\/vc_column][\/vc_row][vc_row overflow=&#8221;default&#8221;][vc_column]\r\n<div class=\"sh-heading  \" id=\"heading-PZCoXT54E6\">\r\n\t<div class=\"sh-element-margin\">\r\n\r\n\t\t\r\n\t\t\t<h2 class=\"sh-heading-content size-default text-left\">\r\n\t\t\t\tEcuador\t\t\t<\/h2>\r\n\r\n\t\t\r\n\t<\/div>\r\n<\/div>\r\n            <style type=\"text\/css\">\r\n                #heading-PZCoXT54E6 .sh-element-margin {margin: 15px 0px 15px 0px;}#heading-PZCoXT54E6 .sh-heading-content {font-weight: 700!important;}#heading-PZCoXT54E6 .sh-heading-content,#heading-PZCoXT54E6 .sh-heading-additional-text {}            <\/style>\r\n        [vc_separator][\/vc_column][\/vc_row][vc_row overflow=&#8221;default&#8221;][vc_column width=&#8221;1\/4&#8243;][vc_single_image image=&#8221;143&#8243; img_size=&#8221;medium&#8221; alignment=&#8221;center&#8221; onclick=&#8221;custom_link&#8221; link=&#8221;https:\/\/dvsantos.com\/project\/eden-yuturi\/&#8221;]\r\n<div class=\"sh-heading  \" id=\"heading-Su8z1hciXf\">\r\n\t<div class=\"sh-element-margin\">\r\n\r\n\t\t\r\n\t\t\t<h4 class=\"sh-heading-content size-default text-left\">\r\n\t\t\t\tEden Yuturi\t\t\t<\/h4>\r\n\r\n\t\t\r\n\t<\/div>\r\n<\/div>\r\n            <style type=\"text\/css\">\r\n                #heading-Su8z1hciXf .sh-element-margin {margin: 15px 0px 15px 0px;}#heading-Su8z1hciXf .sh-heading-content {font-weight: 700!important;}#heading-Su8z1hciXf .sh-heading-content,#heading-Su8z1hciXf .sh-heading-additional-text {}            <\/style>\r\n        [vc_column_text]<strong>Estado:<\/strong> Conclu\u00eddo<br \/>\n<strong>Ubicaci\u00f3n:<\/strong> Bloque 15 &#8211; Ecuador<br \/>\n<strong>Sector:<\/strong> Energ\u00e9tico<br \/>\n<strong>Per\u00edodo: <\/strong>2001 &#8211; 2003[\/vc_column_text][\/vc_column][vc_column width=&#8221;1\/4&#8243;][vc_single_image image=&#8221;68&#8243; img_size=&#8221;medium&#8221; alignment=&#8221;center&#8221; onclick=&#8221;custom_link&#8221; link=&#8221;https:\/\/dvsantos.com\/project\/npf-spf-pompeya\/&#8221;]\r\n<div class=\"sh-heading  \" id=\"heading-WawGgiznMq\">\r\n\t<div class=\"sh-element-margin\">\r\n\r\n\t\t\r\n\t\t\t<h4 class=\"sh-heading-content size-default text-left\">\r\n\t\t\t\tNPF, SPF &amp; Pompeya\t\t\t<\/h4>\r\n\r\n\t\t\r\n\t<\/div>\r\n<\/div>\r\n            <style type=\"text\/css\">\r\n                #heading-WawGgiznMq .sh-element-margin {margin: 15px 0px 15px 0px;}#heading-WawGgiznMq .sh-heading-content {font-weight: 700!important;}#heading-WawGgiznMq .sh-heading-content,#heading-WawGgiznMq .sh-heading-additional-text {}            <\/style>\r\n        [vc_column_text]<strong>Estado:<\/strong> Conclu\u00eddo<br \/>\n<strong>Ubicaci\u00f3n:<\/strong> Bloque 16 &#8211; Ecuador<br \/>\n<strong>Sector:<\/strong> Oleoductos<br \/>\n<strong>Per\u00edodo: <\/strong>2003[\/vc_column_text][\/vc_column][vc_column width=&#8221;1\/4&#8243;][vc_single_image image=&#8221;69&#8243; img_size=&#8221;medium&#8221; alignment=&#8221;center&#8221; onclick=&#8221;custom_link&#8221; link=&#8221;https:\/\/dvsantos.com\/project\/oxy-terminal\/&#8221;]\r\n<div class=\"sh-heading  \" id=\"heading-eZayKBECSR\">\r\n\t<div class=\"sh-element-margin\">\r\n\r\n\t\t\r\n\t\t\t<h4 class=\"sh-heading-content size-default text-left\">\r\n\t\t\t\tOxy Terminal\t\t\t<\/h4>\r\n\r\n\t\t\r\n\t<\/div>\r\n<\/div>\r\n            <style type=\"text\/css\">\r\n                #heading-eZayKBECSR .sh-element-margin {margin: 15px 0px 15px 0px;}#heading-eZayKBECSR .sh-heading-content {font-weight: 700!important;}#heading-eZayKBECSR .sh-heading-content,#heading-eZayKBECSR .sh-heading-additional-text {}            <\/style>\r\n        [vc_column_text]90K bbl<br \/>\n<strong>Estado:<\/strong> Conclu\u00eddo<br \/>\n<strong>Ubicaci\u00f3n:<\/strong> Bloque 15 &#8211; Ecuador<br \/>\n<strong>Sector:<\/strong> Oleoductos<br \/>\n<strong>Per\u00edodo: <\/strong>2004 &#8211; 2005[\/vc_column_text][\/vc_column][vc_column width=&#8221;1\/4&#8243;][vc_single_image image=&#8221;154&#8243; img_size=&#8221;medium&#8221; alignment=&#8221;center&#8221; onclick=&#8221;custom_link&#8221; link=&#8221;https:\/\/dvsantos.com\/project\/esmeraldas-refinery-rehabilitation\/&#8221;]\r\n<div class=\"sh-heading  \" id=\"heading-P5Gz9jbvyc\">\r\n\t<div class=\"sh-element-margin\">\r\n\r\n\t\t\r\n\t\t\t<h4 class=\"sh-heading-content size-default text-left\">\r\n\t\t\t\tRefiner\u00eda Esmeraldas\t\t\t<\/h4>\r\n\r\n\t\t\r\n\t<\/div>\r\n<\/div>\r\n            <style type=\"text\/css\">\r\n                #heading-P5Gz9jbvyc .sh-element-margin {margin: 15px 0px 15px 0px;}#heading-P5Gz9jbvyc .sh-heading-content {font-weight: 700!important;}#heading-P5Gz9jbvyc .sh-heading-content,#heading-P5Gz9jbvyc .sh-heading-additional-text {}            <\/style>\r\n        [vc_column_text]<strong>Estado:<\/strong> Conclu\u00eddo<br \/>\n<strong>Ubicaci\u00f3n:<\/strong> Esmeraldas &#8211; Ecuador<br \/>\n<strong>Sector:<\/strong> Oleoductos y Gasoductos<br \/>\n<strong>Per\u00edodo: <\/strong>2010 &#8211; 2012[\/vc_column_text][\/vc_column][\/vc_row][vc_row overflow=&#8221;default&#8221;][vc_column width=&#8221;1\/4&#8243;][vc_single_image image=&#8221;147&#8243; img_size=&#8221;medium&#8221; alignment=&#8221;center&#8221; onclick=&#8221;custom_link&#8221; link=&#8221;https:\/\/dvsantos.com\/project\/yanaquincha-well-islands-phase-1\/&#8221;]\r\n<div class=\"sh-heading  \" id=\"heading-kl82fnO6TP\">\r\n\t<div class=\"sh-element-margin\">\r\n\r\n\t\t\r\n\t\t\t<h4 class=\"sh-heading-content size-default text-left\">\r\n\t\t\t\tYanaquincha - Fase 1\t\t\t<\/h4>\r\n\r\n\t\t\r\n\t<\/div>\r\n<\/div>\r\n            <style type=\"text\/css\">\r\n                #heading-kl82fnO6TP .sh-element-margin {margin: 15px 0px 15px 0px;}#heading-kl82fnO6TP .sh-heading-content {font-weight: 700!important;}#heading-kl82fnO6TP .sh-heading-content,#heading-kl82fnO6TP .sh-heading-additional-text {}            <\/style>\r\n        [vc_column_text]<strong>Estado:<\/strong> Conclu\u00eddo<br \/>\n<strong>Ubicaci\u00f3n:<\/strong> Santa Elena &#8211; Ecuador<br \/>\n<strong>Sector:<\/strong> Oleoductos y Gasoductos<br \/>\n<strong>Per\u00edodo:<\/strong> 2003[\/vc_column_text][\/vc_column][vc_column width=&#8221;1\/4&#8243;][vc_single_image image=&#8221;163&#8243; img_size=&#8221;medium&#8221; alignment=&#8221;center&#8221; onclick=&#8221;custom_link&#8221; link=&#8221;https:\/\/dvsantos.com\/project\/monteverde-chorrillo\/&#8221;]\r\n<div class=\"sh-heading  \" id=\"heading-dfgXhYjKtm\">\r\n\t<div class=\"sh-element-margin\">\r\n\r\n\t\t\r\n\t\t\t<h4 class=\"sh-heading-content size-default text-left\">\r\n\t\t\t\tMonteverde - Chorrillo\t\t\t<\/h4>\r\n\r\n\t\t\r\n\t<\/div>\r\n<\/div>\r\n            <style type=\"text\/css\">\r\n                #heading-dfgXhYjKtm .sh-element-margin {margin: 15px 0px 15px 0px;}#heading-dfgXhYjKtm .sh-heading-content {font-weight: 700!important;}#heading-dfgXhYjKtm .sh-heading-content,#heading-dfgXhYjKtm .sh-heading-additional-text {}            <\/style>\r\n        [vc_column_text]<strong>Estado:<\/strong> Conclu\u00eddo<br \/>\n<strong>Ubicaci\u00f3n:<\/strong> Santa Elena &#8211; Ecuador<br \/>\n<strong>Sector:<\/strong> Oleoductos y Gasoductos<br \/>\n<strong>Per\u00edodo:<\/strong> 2012 &#8211; 2013[\/vc_column_text][\/vc_column][vc_column width=&#8221;1\/4&#8243;][\/vc_column][vc_column width=&#8221;1\/4&#8243;][\/vc_column][\/vc_row][vc_row overflow=&#8221;default&#8221;][vc_column]\r\n<div class=\"sh-heading  \" id=\"heading-ugQ1Y7PkR0\">\r\n\t<div class=\"sh-element-margin\">\r\n\r\n\t\t\r\n\t\t\t<h2 class=\"sh-heading-content size-default text-left\">\r\n\t\t\t\tArgentina\t\t\t<\/h2>\r\n\r\n\t\t\r\n\t<\/div>\r\n<\/div>\r\n            <style type=\"text\/css\">\r\n                #heading-ugQ1Y7PkR0 .sh-element-margin {margin: 15px 0px 15px 0px;}#heading-ugQ1Y7PkR0 .sh-heading-content {font-weight: 700!important;}#heading-ugQ1Y7PkR0 .sh-heading-content,#heading-ugQ1Y7PkR0 .sh-heading-additional-text {}            <\/style>\r\n        [vc_separator][\/vc_column][\/vc_row][vc_row overflow=&#8221;default&#8221;][vc_column width=&#8221;1\/4&#8243;][vc_single_image image=&#8221;162&#8243; img_size=&#8221;medium&#8221; alignment=&#8221;center&#8221; onclick=&#8221;custom_link&#8221; link=&#8221;https:\/\/dvsantos.com\/project\/pcn-compressor-station\/&#8221;]\r\n<div class=\"sh-heading  \" id=\"heading-mixD3yNrso\">\r\n\t<div class=\"sh-element-margin\">\r\n\r\n\t\t\r\n\t\t\t<h4 class=\"sh-heading-content size-default text-left\">\r\n\t\t\t\tEstaci\u00f3n PCN\t\t\t<\/h4>\r\n\r\n\t\t\r\n\t<\/div>\r\n<\/div>\r\n            <style type=\"text\/css\">\r\n                #heading-mixD3yNrso .sh-element-margin {margin: 15px 0px 15px 0px;}#heading-mixD3yNrso .sh-heading-content {font-weight: 700!important;}#heading-mixD3yNrso .sh-heading-content,#heading-mixD3yNrso .sh-heading-additional-text {}            <\/style>\r\n        [vc_column_text]<strong>Estado:<\/strong> Conclu\u00eddo<br \/>\n<strong>Ubicaci\u00f3n:<\/strong> Ramos &#8211; Argentina<br \/>\n<strong>Sector:<\/strong> Oleoductos y Gasoductos<br \/>\n<strong>Per\u00edodo:<\/strong> 2006 &#8211; 2007[\/vc_column_text][\/vc_column][vc_column width=&#8221;1\/4&#8243;][vc_single_image image=&#8221;145&#8243; img_size=&#8221;medium&#8221; alignment=&#8221;center&#8221; onclick=&#8221;custom_link&#8221; link=&#8221;https:\/\/dvsantos.com\/project\/pcn-1-compression-station\/&#8221;]\r\n<div class=\"sh-heading  \" id=\"heading-zW1qXCxkpR\">\r\n\t<div class=\"sh-element-margin\">\r\n\r\n\t\t\r\n\t\t\t<h4 class=\"sh-heading-content size-default text-left\">\r\n\t\t\t\tEstaci\u00f3n PCN-I\t\t\t<\/h4>\r\n\r\n\t\t\r\n\t<\/div>\r\n<\/div>\r\n            <style type=\"text\/css\">\r\n                #heading-zW1qXCxkpR .sh-element-margin {margin: 15px 0px 15px 0px;}#heading-zW1qXCxkpR .sh-heading-content {font-weight: 700!important;}#heading-zW1qXCxkpR .sh-heading-content,#heading-zW1qXCxkpR .sh-heading-additional-text {}            <\/style>\r\n        [vc_column_text]5MM m\u00b3\/ day<br \/>\n<strong>Estado:<\/strong> Conclu\u00eddo<br \/>\n<strong>Ubicaci\u00f3n:<\/strong> Ramos &#8211; Argentina<br \/>\n<strong>Sector:<\/strong> Oleoductos y Gasoductos<br \/>\n<strong>Per\u00edodo:<\/strong> 2005 &#8211; 2006[\/vc_column_text][\/vc_column][vc_column width=&#8221;1\/4&#8243;][vc_single_image image=&#8221;145&#8243; img_size=&#8221;medium&#8221; alignment=&#8221;center&#8221; onclick=&#8221;custom_link&#8221; link=&#8221;https:\/\/dvsantos.com\/project\/pcn-2-compressor-station\/&#8221;]\r\n<div class=\"sh-heading  \" id=\"heading-uAdkFbP75a\">\r\n\t<div class=\"sh-element-margin\">\r\n\r\n\t\t\r\n\t\t\t<h4 class=\"sh-heading-content size-default text-left\">\r\n\t\t\t\tEstaci\u00f3n PCN-2\t\t\t<\/h4>\r\n\r\n\t\t\r\n\t<\/div>\r\n<\/div>\r\n            <style type=\"text\/css\">\r\n                #heading-uAdkFbP75a .sh-element-margin {margin: 15px 0px 15px 0px;}#heading-uAdkFbP75a .sh-heading-content {font-weight: 700!important;}#heading-uAdkFbP75a .sh-heading-content,#heading-uAdkFbP75a .sh-heading-additional-text {}            <\/style>\r\n        [vc_column_text]15MM m\u00b3\/ day<br \/>\n<strong>Estado:<\/strong> Conclu\u00eddo<br \/>\n<strong>Ubicaci\u00f3n:<\/strong> Ramos, Tartagal\u00a0 &#8211; Arg<br \/>\n<strong>Sector:<\/strong> Oleoductos y Gasoductos<br \/>\n<strong>Per\u00edodo:<\/strong> 2005[\/vc_column_text][\/vc_column][vc_column width=&#8221;1\/4&#8243;][vc_single_image image=&#8221;145&#8243; img_size=&#8221;medium&#8221; alignment=&#8221;center&#8221; onclick=&#8221;custom_link&#8221; link=&#8221;https:\/\/dvsantos.com\/project\/hornos-refisan\/&#8221;]\r\n<div class=\"sh-heading  \" id=\"heading-tCyBqZFe6Y\">\r\n\t<div class=\"sh-element-margin\">\r\n\r\n\t\t\r\n\t\t\t<h4 class=\"sh-heading-content size-default text-left\">\r\n\t\t\t\tHornos Refisan\t\t\t<\/h4>\r\n\r\n\t\t\r\n\t<\/div>\r\n<\/div>\r\n            <style type=\"text\/css\">\r\n                #heading-tCyBqZFe6Y .sh-element-margin {margin: 15px 0px 15px 0px;}#heading-tCyBqZFe6Y .sh-heading-content {font-weight: 700!important;}#heading-tCyBqZFe6Y .sh-heading-content,#heading-tCyBqZFe6Y .sh-heading-additional-text {}            <\/style>\r\n        [vc_column_text]<strong>Estado:<\/strong> Conclu\u00eddo<br \/>\n<strong>Ubicaci\u00f3n:<\/strong> Rosario &#8211; Argentina<br \/>\n<strong>Sector:<\/strong> Oleoductos y Gasoductos<br \/>\n<strong>Per\u00edodo:<\/strong> 2005[\/vc_column_text][\/vc_column][\/vc_row][vc_row overflow=&#8221;default&#8221;][vc_column width=&#8221;1\/4&#8243;][vc_single_image image=&#8221;162&#8243; img_size=&#8221;medium&#8221; alignment=&#8221;center&#8221; onclick=&#8221;custom_link&#8221; link=&#8221;https:\/\/dvsantos.com\/project\/san-lorenzo-refinery\/&#8221;]\r\n<div class=\"sh-heading  \" id=\"heading-ZW3EHgaIpw\">\r\n\t<div class=\"sh-element-margin\">\r\n\r\n\t\t\r\n\t\t\t<h4 class=\"sh-heading-content size-default text-left\">\r\n\t\t\t\tRefiner\u00eda San Lorenzo\t\t\t<\/h4>\r\n\r\n\t\t\r\n\t<\/div>\r\n<\/div>\r\n            <style type=\"text\/css\">\r\n                #heading-ZW3EHgaIpw .sh-element-margin {margin: 15px 0px 15px 0px;}#heading-ZW3EHgaIpw .sh-heading-content {font-weight: 700!important;}#heading-ZW3EHgaIpw .sh-heading-content,#heading-ZW3EHgaIpw .sh-heading-additional-text {}            <\/style>\r\n        [vc_column_text]37.7K BPD<br \/>\n<strong>Estado:<\/strong> Conclu\u00eddo<br \/>\n<strong>Ubicaci\u00f3n:<\/strong> San Lorenzo &#8211; Argentina<br \/>\n<strong>Sector:<\/strong> Oleoductos y Gasoductos<br \/>\n<strong>Per\u00edodo:<\/strong> 2005 &#8211; 2006[\/vc_column_text][\/vc_column][vc_column width=&#8221;1\/4&#8243;][\/vc_column][vc_column width=&#8221;1\/4&#8243;][\/vc_column][vc_column width=&#8221;1\/4&#8243;][\/vc_column][\/vc_row][vc_row overflow=&#8221;default&#8221;][vc_column]\r\n<div class=\"sh-heading  \" id=\"heading-ku6TwyWI8q\">\r\n\t<div class=\"sh-element-margin\">\r\n\r\n\t\t\r\n\t\t\t<h2 class=\"sh-heading-content size-default text-left\">\r\n\t\t\t\tColombia\t\t\t<\/h2>\r\n\r\n\t\t\r\n\t<\/div>\r\n<\/div>\r\n            <style type=\"text\/css\">\r\n                #heading-ku6TwyWI8q .sh-element-margin {margin: 15px 0px 15px 0px;}#heading-ku6TwyWI8q .sh-heading-content {font-weight: 700!important;}#heading-ku6TwyWI8q .sh-heading-content,#heading-ku6TwyWI8q .sh-heading-additional-text {}            <\/style>\r\n        [vc_separator][\/vc_column][\/vc_row][vc_row overflow=&#8221;default&#8221;][vc_column width=&#8221;1\/4&#8243;][vc_single_image image=&#8221;155&#8243; img_size=&#8221;medium&#8221; alignment=&#8221;center&#8221; onclick=&#8221;custom_link&#8221; link=&#8221;https:\/\/dvsantos.com\/project\/barrancabermeja\/&#8221;]\r\n<div class=\"sh-heading  \" id=\"heading-U2CoduMPpt\">\r\n\t<div class=\"sh-element-margin\">\r\n\r\n\t\t\r\n\t\t\t<h4 class=\"sh-heading-content size-default text-left\">\r\n\t\t\t\tBarrancabermeja\t\t\t<\/h4>\r\n\r\n\t\t\r\n\t<\/div>\r\n<\/div>\r\n            <style type=\"text\/css\">\r\n                #heading-U2CoduMPpt .sh-element-margin {margin: 15px 0px 15px 0px;}#heading-U2CoduMPpt .sh-heading-content {font-weight: 700!important;}#heading-U2CoduMPpt .sh-heading-content,#heading-U2CoduMPpt .sh-heading-additional-text {}            <\/style>\r\n        [vc_column_text]<strong>Estado:<\/strong> Conclu\u00eddo<br \/>\n<strong>Ubicaci\u00f3n:<\/strong> Barrancabermeja, Colombia<br \/>\n<strong>Sector:<\/strong> Oleoductos y Gasoductos<br \/>\n<strong>Per\u00edodo:<\/strong> 2007 &#8211; 2010[\/vc_column_text][\/vc_column][vc_column width=&#8221;1\/4&#8243;][vc_single_image image=&#8221;155&#8243; img_size=&#8221;medium&#8221; alignment=&#8221;center&#8221; onclick=&#8221;custom_link&#8221; link=&#8221;https:\/\/dvsantos.com\/project\/cira-infantas\/&#8221;]\r\n<div class=\"sh-heading  \" id=\"heading-fUlSXwhNyW\">\r\n\t<div class=\"sh-element-margin\">\r\n\r\n\t\t\r\n\t\t\t<h4 class=\"sh-heading-content size-default text-left\">\r\n\t\t\t\tCira Infantas\t\t\t<\/h4>\r\n\r\n\t\t\r\n\t<\/div>\r\n<\/div>\r\n            <style type=\"text\/css\">\r\n                #heading-fUlSXwhNyW .sh-element-margin {margin: 15px 0px 15px 0px;}#heading-fUlSXwhNyW .sh-heading-content {font-weight: 700!important;}#heading-fUlSXwhNyW .sh-heading-content,#heading-fUlSXwhNyW .sh-heading-additional-text {}            <\/style>\r\n        [vc_column_text]<strong>Estado:<\/strong> Conclu\u00eddo<br \/>\n<strong>Ubicaci\u00f3n:<\/strong> Barrancabermeja, Colombia<br \/>\n<strong>Sector:<\/strong> Oleoductos y Gasoductos<br \/>\n<strong>Per\u00edodo:<\/strong> 2008[\/vc_column_text][\/vc_column][vc_column width=&#8221;1\/4&#8243;][\/vc_column][vc_column width=&#8221;1\/4&#8243;][\/vc_column][\/vc_row][vc_row overflow=&#8221;default&#8221;][vc_column]\r\n<div class=\"sh-heading  \" id=\"heading-0MCqkrwbAa\">\r\n\t<div class=\"sh-element-margin\">\r\n\r\n\t\t\r\n\t\t\t<h2 class=\"sh-heading-content size-default text-left\">\r\n\t\t\t\tBolivia\t\t\t<\/h2>\r\n\r\n\t\t\r\n\t<\/div>\r\n<\/div>\r\n            <style type=\"text\/css\">\r\n                #heading-0MCqkrwbAa .sh-element-margin {margin: 15px 0px 15px 0px;}#heading-0MCqkrwbAa .sh-heading-content {font-weight: 700!important;}#heading-0MCqkrwbAa .sh-heading-content,#heading-0MCqkrwbAa .sh-heading-additional-text {}            <\/style>\r\n        [vc_separator][\/vc_column][\/vc_row][vc_row overflow=&#8221;default&#8221;][vc_column width=&#8221;1\/4&#8243;][vc_single_image image=&#8221;159&#8243; img_size=&#8221;medium&#8221; alignment=&#8221;center&#8221; onclick=&#8221;custom_link&#8221; link=&#8221;https:\/\/dvsantos.com\/project\/sabalo-gas-plant\/&#8221;]\r\n<div class=\"sh-heading  \" id=\"heading-aELgN943Pp\">\r\n\t<div class=\"sh-element-margin\">\r\n\r\n\t\t\r\n\t\t\t<h4 class=\"sh-heading-content size-default text-left\">\r\n\t\t\t\tPlanta S\u00e1balo\t\t\t<\/h4>\r\n\r\n\t\t\r\n\t<\/div>\r\n<\/div>\r\n            <style type=\"text\/css\">\r\n                #heading-aELgN943Pp .sh-element-margin {margin: 15px 0px 15px 0px;}#heading-aELgN943Pp .sh-heading-content {font-weight: 700!important;}#heading-aELgN943Pp .sh-heading-content,#heading-aELgN943Pp .sh-heading-additional-text {}            <\/style>\r\n        [vc_column_text]<strong>Estado:<\/strong> Conclu\u00eddo<br \/>\n<strong>Ubicaci\u00f3n:<\/strong> Tarija &#8211; Bolivia<br \/>\n<strong>Sector:<\/strong> Gasoductos<br \/>\n<strong>Per\u00edodo:<\/strong> 2002 &#8211; 2003[\/vc_column_text][\/vc_column][vc_column width=&#8221;1\/4&#8243;][vc_single_image image=&#8221;149&#8243; img_size=&#8221;medium&#8221; alignment=&#8221;center&#8221; onclick=&#8221;custom_link&#8221; link=&#8221;https:\/\/dvsantos.com\/project\/san-alberto-gas-plant\/&#8221;]\r\n<div class=\"sh-heading  \" id=\"heading-TY01pKwmnI\">\r\n\t<div class=\"sh-element-margin\">\r\n\r\n\t\t\r\n\t\t\t<h4 class=\"sh-heading-content size-default text-left\">\r\n\t\t\t\tPlanta San Alberto\t\t\t<\/h4>\r\n\r\n\t\t\r\n\t<\/div>\r\n<\/div>\r\n            <style type=\"text\/css\">\r\n                #heading-TY01pKwmnI .sh-element-margin {margin: 15px 0px 15px 0px;}#heading-TY01pKwmnI .sh-heading-content {font-weight: 700!important;}#heading-TY01pKwmnI .sh-heading-content,#heading-TY01pKwmnI .sh-heading-additional-text {}            <\/style>\r\n        [vc_column_text]<strong>Estado:<\/strong> Conclu\u00eddo<br \/>\n<strong>Ubicaci\u00f3n:<\/strong> San Alberto &#8211; Bolivia<br \/>\n<strong>Sector:<\/strong> Gasoductos<br \/>\n<strong>Per\u00edodo:<\/strong> 1999 &#8211; 2002[\/vc_column_text][\/vc_column][vc_column width=&#8221;1\/4&#8243;][vc_single_image image=&#8221;159&#8243; img_size=&#8221;medium&#8221; alignment=&#8221;center&#8221; onclick=&#8221;custom_link&#8221; link=&#8221;https:\/\/dvsantos.com\/project\/villamontes-gas-station\/&#8221;]\r\n<div class=\"sh-heading  \" id=\"heading-s6cgepVX7L\">\r\n\t<div class=\"sh-element-margin\">\r\n\r\n\t\t\r\n\t\t\t<h4 class=\"sh-heading-content size-default text-left\">\r\n\t\t\t\tEstaci\u00f3n Villamontes\t\t\t<\/h4>\r\n\r\n\t\t\r\n\t<\/div>\r\n<\/div>\r\n            <style type=\"text\/css\">\r\n                #heading-s6cgepVX7L .sh-element-margin {margin: 15px 0px 15px 0px;}#heading-s6cgepVX7L .sh-heading-content {font-weight: 700!important;}#heading-s6cgepVX7L .sh-heading-content,#heading-s6cgepVX7L .sh-heading-additional-text {}            <\/style>\r\n        [vc_column_text]<strong>Estado:<\/strong> Conclu\u00eddo<br \/>\n<strong>Ubicaci\u00f3n:<\/strong> Tarija &#8211; Bolivia<br \/>\n<strong>Sector:<\/strong> Gasoductos<br \/>\n<strong>Per\u00edodo:<\/strong> 2002 &#8211; 2003[\/vc_column_text][\/vc_column][vc_column width=&#8221;1\/4&#8243;][\/vc_column][\/vc_row]<\/p>\n","protected":false},"excerpt":{"rendered":"<p>[vc_row overflow=&#8221;default&#8221; css=&#8221;.vc_custom_1738944487112{padding-top: 90px !important;}&#8221;][vc_column][\/vc_column][\/vc_row][vc_row overflow=&#8221;default&#8221;][vc_column][vc_separator][\/vc_column][\/vc_row][vc_row overflow=&#8221;default&#8221;][vc_column width=&#8221;1\/4&#8243;][vc_single_image image=&#8221;143&#8243; img_size=&#8221;medium&#8221; alignment=&#8221;center&#8221; onclick=&#8221;custom_link&#8221; link=&#8221;https:\/\/dvsantos.com\/project\/eden-yuturi\/&#8221;][vc_column_text]Estado: Conclu\u00eddo Ubicaci\u00f3n: Bloque 15 &#8211; Ecuador Sector: Energ\u00e9tico Per\u00edodo: 2001 &#8211; 2003[\/vc_column_text][\/vc_column][vc_column width=&#8221;1\/4&#8243;][vc_single_image image=&#8221;68&#8243; img_size=&#8221;medium&#8221; alignment=&#8221;center&#8221; onclick=&#8221;custom_link&#8221; link=&#8221;https:\/\/dvsantos.com\/project\/npf-spf-pompeya\/&#8221;][vc_column_text]Estado: Conclu\u00eddo Ubicaci\u00f3n: Bloque 16 &#8211; Ecuador Sector: Oleoductos Per\u00edodo: 2003[\/vc_column_text][\/vc_column][vc_column width=&#8221;1\/4&#8243;][vc_single_image image=&#8221;69&#8243; img_size=&#8221;medium&#8221; alignment=&#8221;center&#8221; onclick=&#8221;custom_link&#8221; link=&#8221;https:\/\/dvsantos.com\/project\/oxy-terminal\/&#8221;][vc_column_text]90K bbl Estado: Conclu\u00eddo Ubicaci\u00f3n: Bloque 15 &#8211; Ecuador Sector: Oleoductos Per\u00edodo: 2004 &#8211; 2005[\/vc_column_text][\/vc_column][vc_column width=&#8221;1\/4&#8243;][vc_single_image image=&#8221;154&#8243; img_size=&#8221;medium&#8221; alignment=&#8221;center&#8221; onclick=&#8221;custom_link&#8221; link=&#8221;https:\/\/dvsantos.com\/project\/esmeraldas-refinery-rehabilitation\/&#8221;][vc_column_text]Estado: Conclu\u00eddo Ubicaci\u00f3n: Esmeraldas &#8211; Ecuador Sector: Oleoductos y Gasoductos Per\u00edodo:&#8230;<\/p>\n","protected":false},"author":1,"featured_media":0,"parent":0,"menu_order":0,"comment_status":"closed","ping_status":"closed","template":"","meta":{"footnotes":""},"class_list":["post-1167","page","type-page","status-publish","hentry"],"_links":{"self":[{"href":"https:\/\/dvsantos.com\/es\/wp-json\/wp\/v2\/pages\/1167","targetHints":{"allow":["GET"]}}],"collection":[{"href":"https:\/\/dvsantos.com\/es\/wp-json\/wp\/v2\/pages"}],"about":[{"href":"https:\/\/dvsantos.com\/es\/wp-json\/wp\/v2\/types\/page"}],"author":[{"embeddable":true,"href":"https:\/\/dvsantos.com\/es\/wp-json\/wp\/v2\/users\/1"}],"replies":[{"embeddable":true,"href":"https:\/\/dvsantos.com\/es\/wp-json\/wp\/v2\/comments?post=1167"}],"version-history":[{"count":14,"href":"https:\/\/dvsantos.com\/es\/wp-json\/wp\/v2\/pages\/1167\/revisions"}],"predecessor-version":[{"id":1217,"href":"https:\/\/dvsantos.com\/es\/wp-json\/wp\/v2\/pages\/1167\/revisions\/1217"}],"wp:attachment":[{"href":"https:\/\/dvsantos.com\/es\/wp-json\/wp\/v2\/media?parent=1167"}],"curies":[{"name":"wp","href":"https:\/\/api.w.org\/{rel}","templated":true}]}}