{"id":618,"date":"2022-01-31T02:32:34","date_gmt":"2022-01-31T07:32:34","guid":{"rendered":"https:\/\/dvsantos.com\/?page_id=618"},"modified":"2022-01-31T02:36:51","modified_gmt":"2022-01-31T07:36:51","slug":"sala-de-prensa","status":"publish","type":"page","link":"https:\/\/dvsantos.com\/es\/sala-de-prensa\/","title":{"rendered":"Sala Prensa"},"content":{"rendered":"<p>[vc_row][vc_column]\r\n\r\n\r\n\r\n<div class=\"sh-recent-posts sh-recent-posts-columns2\" id=\"recent-posts-wSJ80YqhOi\" data-id=\"2\">\r\n\r\n\t\t\r\n\t<div class=\"sh-group blog-list blog-style-masonry\">\r\n\t\t\r\n\t<article id=\"post-539\" class=\"post-item post-539 post type-post status-publish format-standard has-post-thumbnail hentry category-noticias\" itemscope=\"itemscope\" itemtype=\"http:\/\/schema.org\/Article\">\r\n\t\t<div class=\"post-container\">\r\n\t\t\t\r\n\t\t\t<div class=\"post-meta-thumb\">\r\n\t\t\t\t\r\n\t\t\t\t\t\t\t\t\t<img loading=\"lazy\" decoding=\"async\" width=\"1024\" height=\"700\" src=\"https:\/\/dvsantos.com\/wp-content\/uploads\/2022\/01\/central-puerto-san-lorenzo-argentina-dvs-1024x700.jpg\" class=\"attachment-large size-large wp-post-image\" alt=\"\" srcset=\"https:\/\/dvsantos.com\/wp-content\/uploads\/2022\/01\/central-puerto-san-lorenzo-argentina-dvs-1024x700.jpg 1024w, https:\/\/dvsantos.com\/wp-content\/uploads\/2022\/01\/central-puerto-san-lorenzo-argentina-dvs-300x205.jpg 300w, https:\/\/dvsantos.com\/wp-content\/uploads\/2022\/01\/central-puerto-san-lorenzo-argentina-dvs-768x525.jpg 768w, https:\/\/dvsantos.com\/wp-content\/uploads\/2022\/01\/central-puerto-san-lorenzo-argentina-dvs-1536x1050.jpg 1536w, https:\/\/dvsantos.com\/wp-content\/uploads\/2022\/01\/central-puerto-san-lorenzo-argentina-dvs.jpg 1872w\" sizes=\"auto, (max-width: 1024px) 100vw, 1024px\" \/>\t\t\t\t\r\n\t\t\t\t\r\n        <div class=\"sh-overlay-style1\">\r\n            <div class=\"sh-table-full\">\r\n                                    <a href=\"https:\/\/dvsantos.com\/es\/central-puerto-obra-entregada-en-diciembre-del-2021\/\" class=\"sh-overlay-item sh-table-cell\" title=\"Open the article - Central Puerto, finalizada con \u00e9xito\">\r\n                        <div class=\"sh-overlay-item-container\">\r\n                            <i class=\"icon-link\"><\/i>\r\n                        <\/div>\r\n                    <\/a>\r\n                \r\n                                    <a href=\"https:\/\/dvsantos.com\/wp-content\/uploads\/2022\/01\/central-puerto-san-lorenzo-argentina-dvs-1024x700.jpg\" class=\"sh-overlay-item sh-table-cell\" data-rel=\"lightcase\">\r\n                        <div class=\"sh-overlay-item-container\">\r\n                            <i class=\"icon-magnifier-add\"><\/i>\r\n                        <\/div>\r\n                    <\/a>\r\n                            <\/div>\r\n        <\/div>\r\n\r\n    \t\t\t<\/div>\r\n\r\n\t\t\t<div class=\"post-content-container\">\r\n\t\t\t\t<a href=\"https:\/\/dvsantos.com\/es\/central-puerto-obra-entregada-en-diciembre-del-2021\/\" class=\"post-title\">\r\n\t\t\t\t\t<h2 itemprop=\"headline\">\r\n\t\t\t\t\t\t\t\t\t\t\t\tCentral Puerto, finalizada con \u00e9xito\t\t\t\t\t<\/h2>\r\n\t\t\t\t<\/a>\r\n\r\n\t\t\t\t<div class=\"post-meta post-meta-one\">\r\n\t\t\t\t\t\r\n        <span class=\"post-meta-author\">\r\n            by            <a href=\"https:\/\/dvsantos.com\/es\/author\/contenidos\/\" class=\"bypostauthor\" itemprop=\"url\" rel=\"author\">\r\n                contenidos            <\/a>\r\n        <\/span>\r\n\r\n                    <time class=\"updated semantic\" itemprop=\"dateModified\" datetime=\"2022-01-31T00:18:03+00:00\"><\/time>\r\n            <a href=\"https:\/\/dvsantos.com\/es\/central-puerto-obra-entregada-en-diciembre-del-2021\/\" class=\"post-meta-date sh-default-color\">enero 29, 2022<\/a>\r\n        \r\n    \t\t\t\t<\/div>\r\n\r\n\t\t\t\t<div class=\"post-content\" itemprop=\"text\">\r\n\t\t\t\t\t<p>Ingenier\u00eda y Construcci\u00f3n con alcance Electromec\u00e1nico. Cogeneraci\u00f3n Central  Puerto &#8211; San Lorenzo 350 MW.<\/p>\n\t\t\t\t<\/div>\r\n\r\n\t\t\t\t<div class=\"post-meta post-meta-two\">\r\n\t\t\t\t\t\r\n        <div class=\"sh-columns post-meta-comments\">\r\n            <span class=\"post-meta-categories\">\r\n                <i class=\"icon-tag\"><\/i>\r\n                <a href=\"https:\/\/dvsantos.com\/es\/category\/noticias\/\" rel=\"category tag\">Noticias<\/a>            <\/span>\r\n\r\n                            <div><\/div>\r\n                    <\/div>\r\n\r\n    \t\t\t\t<\/div>\r\n\t\t\t<\/div>\r\n\r\n\t\t<\/div>\r\n\t<\/article>\r\n\r\n\r\n\r\n\t<article id=\"post-541\" class=\"post-item post-541 post type-post status-publish format-standard has-post-thumbnail hentry\" itemscope=\"itemscope\" itemtype=\"http:\/\/schema.org\/Article\">\r\n\t\t<div class=\"post-container\">\r\n\t\t\t\r\n\t\t\t<div class=\"post-meta-thumb\">\r\n\t\t\t\t\r\n\t\t\t\t\t\t\t\t\t<img loading=\"lazy\" decoding=\"async\" width=\"1024\" height=\"700\" src=\"https:\/\/dvsantos.com\/wp-content\/uploads\/2021\/11\/dvs-recertification-9001-45001-1024x700.jpg\" class=\"attachment-large size-large wp-post-image\" alt=\"\" srcset=\"https:\/\/dvsantos.com\/wp-content\/uploads\/2021\/11\/dvs-recertification-9001-45001-1024x700.jpg 1024w, https:\/\/dvsantos.com\/wp-content\/uploads\/2021\/11\/dvs-recertification-9001-45001-300x205.jpg 300w, https:\/\/dvsantos.com\/wp-content\/uploads\/2021\/11\/dvs-recertification-9001-45001-768x525.jpg 768w, https:\/\/dvsantos.com\/wp-content\/uploads\/2021\/11\/dvs-recertification-9001-45001-1536x1050.jpg 1536w, https:\/\/dvsantos.com\/wp-content\/uploads\/2021\/11\/dvs-recertification-9001-45001.jpg 1872w\" sizes=\"auto, (max-width: 1024px) 100vw, 1024px\" \/>\t\t\t\t\r\n\t\t\t\t\r\n        <div class=\"sh-overlay-style1\">\r\n            <div class=\"sh-table-full\">\r\n                                    <a href=\"https:\/\/dvsantos.com\/es\/certificaciones-iso-9001-45001\/\" class=\"sh-overlay-item sh-table-cell\" title=\"Open the article - Certificaciones ISO 9001 &#038; 45001\">\r\n                        <div class=\"sh-overlay-item-container\">\r\n                            <i class=\"icon-link\"><\/i>\r\n                        <\/div>\r\n                    <\/a>\r\n                \r\n                                    <a href=\"https:\/\/dvsantos.com\/wp-content\/uploads\/2021\/11\/dvs-recertification-9001-45001-1024x700.jpg\" class=\"sh-overlay-item sh-table-cell\" data-rel=\"lightcase\">\r\n                        <div class=\"sh-overlay-item-container\">\r\n                            <i class=\"icon-magnifier-add\"><\/i>\r\n                        <\/div>\r\n                    <\/a>\r\n                            <\/div>\r\n        <\/div>\r\n\r\n    \t\t\t<\/div>\r\n\r\n\t\t\t<div class=\"post-content-container\">\r\n\t\t\t\t<a href=\"https:\/\/dvsantos.com\/es\/certificaciones-iso-9001-45001\/\" class=\"post-title\">\r\n\t\t\t\t\t<h2 itemprop=\"headline\">\r\n\t\t\t\t\t\t\t\t\t\t\t\tCertificaciones ISO 9001 &#038; 45001\t\t\t\t\t<\/h2>\r\n\t\t\t\t<\/a>\r\n\r\n\t\t\t\t<div class=\"post-meta post-meta-one\">\r\n\t\t\t\t\t\r\n        <span class=\"post-meta-author\">\r\n            by            <a href=\"https:\/\/dvsantos.com\/es\/author\/contenidos\/\" class=\"bypostauthor\" itemprop=\"url\" rel=\"author\">\r\n                contenidos            <\/a>\r\n        <\/span>\r\n\r\n                    <time class=\"updated semantic\" itemprop=\"dateModified\" datetime=\"2022-01-30T00:37:37+00:00\"><\/time>\r\n            <a href=\"https:\/\/dvsantos.com\/es\/certificaciones-iso-9001-45001\/\" class=\"post-meta-date sh-default-color\">noviembre 29, 2021<\/a>\r\n        \r\n    \t\t\t\t<\/div>\r\n\r\n\t\t\t\t<div class=\"post-content\" itemprop=\"text\">\r\n\t\t\t\t\t<p>As\u00ed como obtiene la migraci\u00f3n y obtenci\u00f3n del nuevo est\u00e1ndar de seguridad y salud en el trabajo.<\/p>\n\t\t\t\t<\/div>\r\n\r\n\t\t\t\t<div class=\"post-meta post-meta-two\">\r\n\t\t\t\t\t\r\n        <div class=\"sh-columns post-meta-comments\">\r\n            <span class=\"post-meta-categories\">\r\n                <i class=\"icon-tag\"><\/i>\r\n                            <\/span>\r\n\r\n                            <div><\/div>\r\n                    <\/div>\r\n\r\n    \t\t\t\t<\/div>\r\n\t\t\t<\/div>\r\n\r\n\t\t<\/div>\r\n\t<\/article>\r\n\r\n\r\n\r\n\t<article id=\"post-543\" class=\"post-item post-543 post type-post status-publish format-standard has-post-thumbnail hentry category-noticias\" itemscope=\"itemscope\" itemtype=\"http:\/\/schema.org\/Article\">\r\n\t\t<div class=\"post-container\">\r\n\t\t\t\r\n\t\t\t<div class=\"post-meta-thumb\">\r\n\t\t\t\t\r\n\t\t\t\t\t\t\t\t\t<img loading=\"lazy\" decoding=\"async\" width=\"1024\" height=\"700\" src=\"https:\/\/dvsantos.com\/wp-content\/uploads\/2021\/11\/dvs-asme-nb-certifications-1024x700.jpg\" class=\"attachment-large size-large wp-post-image\" alt=\"\" srcset=\"https:\/\/dvsantos.com\/wp-content\/uploads\/2021\/11\/dvs-asme-nb-certifications-1024x700.jpg 1024w, https:\/\/dvsantos.com\/wp-content\/uploads\/2021\/11\/dvs-asme-nb-certifications-300x205.jpg 300w, https:\/\/dvsantos.com\/wp-content\/uploads\/2021\/11\/dvs-asme-nb-certifications-768x525.jpg 768w, https:\/\/dvsantos.com\/wp-content\/uploads\/2021\/11\/dvs-asme-nb-certifications-1536x1050.jpg 1536w, https:\/\/dvsantos.com\/wp-content\/uploads\/2021\/11\/dvs-asme-nb-certifications.jpg 1700w\" sizes=\"auto, (max-width: 1024px) 100vw, 1024px\" \/>\t\t\t\t\r\n\t\t\t\t\r\n        <div class=\"sh-overlay-style1\">\r\n            <div class=\"sh-table-full\">\r\n                                    <a href=\"https:\/\/dvsantos.com\/es\/certificaciones-asme-y-nb\/\" class=\"sh-overlay-item sh-table-cell\" title=\"Open the article - Certificaciones ASME y NB\">\r\n                        <div class=\"sh-overlay-item-container\">\r\n                            <i class=\"icon-link\"><\/i>\r\n                        <\/div>\r\n                    <\/a>\r\n                \r\n                                    <a href=\"https:\/\/dvsantos.com\/wp-content\/uploads\/2021\/11\/dvs-asme-nb-certifications-1024x700.jpg\" class=\"sh-overlay-item sh-table-cell\" data-rel=\"lightcase\">\r\n                        <div class=\"sh-overlay-item-container\">\r\n                            <i class=\"icon-magnifier-add\"><\/i>\r\n                        <\/div>\r\n                    <\/a>\r\n                            <\/div>\r\n        <\/div>\r\n\r\n    \t\t\t<\/div>\r\n\r\n\t\t\t<div class=\"post-content-container\">\r\n\t\t\t\t<a href=\"https:\/\/dvsantos.com\/es\/certificaciones-asme-y-nb\/\" class=\"post-title\">\r\n\t\t\t\t\t<h2 itemprop=\"headline\">\r\n\t\t\t\t\t\t\t\t\t\t\t\tCertificaciones ASME y NB\t\t\t\t\t<\/h2>\r\n\t\t\t\t<\/a>\r\n\r\n\t\t\t\t<div class=\"post-meta post-meta-one\">\r\n\t\t\t\t\t\r\n        <span class=\"post-meta-author\">\r\n            by            <a href=\"https:\/\/dvsantos.com\/es\/author\/contenidos\/\" class=\"bypostauthor\" itemprop=\"url\" rel=\"author\">\r\n                contenidos            <\/a>\r\n        <\/span>\r\n\r\n                    <time class=\"updated semantic\" itemprop=\"dateModified\" datetime=\"2022-01-30T03:40:44+00:00\"><\/time>\r\n            <a href=\"https:\/\/dvsantos.com\/es\/certificaciones-asme-y-nb\/\" class=\"post-meta-date sh-default-color\">junio 3, 2021<\/a>\r\n        \r\n    \t\t\t\t<\/div>\r\n\r\n\t\t\t\t<div class=\"post-content\" itemprop=\"text\">\r\n\t\t\t\t\t<p>Hemos obtenido las certificaciones ASME y NB. Ingenier\u00eda de dise\u00f1o y montaje electromec\u00e1nico.<\/p>\n\t\t\t\t<\/div>\r\n\r\n\t\t\t\t<div class=\"post-meta post-meta-two\">\r\n\t\t\t\t\t\r\n        <div class=\"sh-columns post-meta-comments\">\r\n            <span class=\"post-meta-categories\">\r\n                <i class=\"icon-tag\"><\/i>\r\n                <a href=\"https:\/\/dvsantos.com\/es\/category\/noticias\/\" rel=\"category tag\">Noticias<\/a>, <a href=\"https:\/\/dvsantos.com\/es\/category\/noticias\/\" rel=\"category tag\">Noticias<\/a>            <\/span>\r\n\r\n                            <div><\/div>\r\n                    <\/div>\r\n\r\n    \t\t\t\t<\/div>\r\n\t\t\t<\/div>\r\n\r\n\t\t<\/div>\r\n\t<\/article>\r\n\r\n\r\n\r\n\t<article id=\"post-550\" class=\"post-item post-550 post type-post status-publish format-standard has-post-thumbnail hentry category-comunicados\" itemscope=\"itemscope\" itemtype=\"http:\/\/schema.org\/Article\">\r\n\t\t<div class=\"post-container\">\r\n\t\t\t\r\n\t\t\t<div class=\"post-meta-thumb\">\r\n\t\t\t\t\r\n\t\t\t\t\t\t\t\t\t<img loading=\"lazy\" decoding=\"async\" width=\"640\" height=\"438\" src=\"https:\/\/dvsantos.com\/wp-content\/uploads\/2022\/01\/waterway-exterior.jpg\" class=\"attachment-large size-large wp-post-image\" alt=\"\" srcset=\"https:\/\/dvsantos.com\/wp-content\/uploads\/2022\/01\/waterway-exterior.jpg 640w, https:\/\/dvsantos.com\/wp-content\/uploads\/2022\/01\/waterway-exterior-300x205.jpg 300w\" sizes=\"auto, (max-width: 640px) 100vw, 640px\" \/>\t\t\t\t\r\n\t\t\t\t\r\n        <div class=\"sh-overlay-style1\">\r\n            <div class=\"sh-table-full\">\r\n                                    <a href=\"https:\/\/dvsantos.com\/es\/estrenamos-nuevas-instalaciones-en-houston\/\" class=\"sh-overlay-item sh-table-cell\" title=\"Open the article - Nuevas instalaciones en Houston\">\r\n                        <div class=\"sh-overlay-item-container\">\r\n                            <i class=\"icon-link\"><\/i>\r\n                        <\/div>\r\n                    <\/a>\r\n                \r\n                                    <a href=\"https:\/\/dvsantos.com\/wp-content\/uploads\/2022\/01\/waterway-exterior.jpg\" class=\"sh-overlay-item sh-table-cell\" data-rel=\"lightcase\">\r\n                        <div class=\"sh-overlay-item-container\">\r\n                            <i class=\"icon-magnifier-add\"><\/i>\r\n                        <\/div>\r\n                    <\/a>\r\n                            <\/div>\r\n        <\/div>\r\n\r\n    \t\t\t<\/div>\r\n\r\n\t\t\t<div class=\"post-content-container\">\r\n\t\t\t\t<a href=\"https:\/\/dvsantos.com\/es\/estrenamos-nuevas-instalaciones-en-houston\/\" class=\"post-title\">\r\n\t\t\t\t\t<h2 itemprop=\"headline\">\r\n\t\t\t\t\t\t\t\t\t\t\t\tNuevas instalaciones en Houston\t\t\t\t\t<\/h2>\r\n\t\t\t\t<\/a>\r\n\r\n\t\t\t\t<div class=\"post-meta post-meta-one\">\r\n\t\t\t\t\t\r\n        <span class=\"post-meta-author\">\r\n            by            <a href=\"https:\/\/dvsantos.com\/es\/author\/contenidos\/\" class=\"bypostauthor\" itemprop=\"url\" rel=\"author\">\r\n                contenidos            <\/a>\r\n        <\/span>\r\n\r\n                    <time class=\"updated semantic\" itemprop=\"dateModified\" datetime=\"2022-01-30T04:07:25+00:00\"><\/time>\r\n            <a href=\"https:\/\/dvsantos.com\/es\/estrenamos-nuevas-instalaciones-en-houston\/\" class=\"post-meta-date sh-default-color\">abril 9, 2021<\/a>\r\n        \r\n    \t\t\t\t<\/div>\r\n\r\n\t\t\t\t<div class=\"post-content\" itemprop=\"text\">\r\n\t\t\t\t\t<p>A partir del mes de abril del 2021, estrenamos nuevas instalaciones de DVS en nuestra sede central.<\/p>\n\t\t\t\t<\/div>\r\n\r\n\t\t\t\t<div class=\"post-meta post-meta-two\">\r\n\t\t\t\t\t\r\n        <div class=\"sh-columns post-meta-comments\">\r\n            <span class=\"post-meta-categories\">\r\n                <i class=\"icon-tag\"><\/i>\r\n                <a href=\"https:\/\/dvsantos.com\/es\/category\/comunicados\/\" rel=\"category tag\">Comunicados<\/a>            <\/span>\r\n\r\n                            <div><\/div>\r\n                    <\/div>\r\n\r\n    \t\t\t\t<\/div>\r\n\t\t\t<\/div>\r\n\r\n\t\t<\/div>\r\n\t<\/article>\r\n\r\n\r\n\r\n\t<article id=\"post-555\" class=\"post-item post-555 post type-post status-publish format-standard has-post-thumbnail hentry\" itemscope=\"itemscope\" itemtype=\"http:\/\/schema.org\/Article\">\r\n\t\t<div class=\"post-container\">\r\n\t\t\t\r\n\t\t\t<div class=\"post-meta-thumb\">\r\n\t\t\t\t\r\n\t\t\t\t\t\t\t\t\t<img loading=\"lazy\" decoding=\"async\" width=\"1024\" height=\"700\" src=\"https:\/\/dvsantos.com\/wp-content\/uploads\/2022\/01\/dvs-recertification-national-board-1024x700.jpg\" class=\"attachment-large size-large wp-post-image\" alt=\"\" srcset=\"https:\/\/dvsantos.com\/wp-content\/uploads\/2022\/01\/dvs-recertification-national-board-1024x700.jpg 1024w, https:\/\/dvsantos.com\/wp-content\/uploads\/2022\/01\/dvs-recertification-national-board-300x205.jpg 300w, https:\/\/dvsantos.com\/wp-content\/uploads\/2022\/01\/dvs-recertification-national-board-768x525.jpg 768w, https:\/\/dvsantos.com\/wp-content\/uploads\/2022\/01\/dvs-recertification-national-board-1536x1050.jpg 1536w, https:\/\/dvsantos.com\/wp-content\/uploads\/2022\/01\/dvs-recertification-national-board.jpg 1872w\" sizes=\"auto, (max-width: 1024px) 100vw, 1024px\" \/>\t\t\t\t\r\n\t\t\t\t\r\n        <div class=\"sh-overlay-style1\">\r\n            <div class=\"sh-table-full\">\r\n                                    <a href=\"https:\/\/dvsantos.com\/es\/recertificacion-del-national-board\/\" class=\"sh-overlay-item sh-table-cell\" title=\"Open the article - Re\u200bcertificaci\u00f3n del National Board\">\r\n                        <div class=\"sh-overlay-item-container\">\r\n                            <i class=\"icon-link\"><\/i>\r\n                        <\/div>\r\n                    <\/a>\r\n                \r\n                                    <a href=\"https:\/\/dvsantos.com\/wp-content\/uploads\/2022\/01\/dvs-recertification-national-board-1024x700.jpg\" class=\"sh-overlay-item sh-table-cell\" data-rel=\"lightcase\">\r\n                        <div class=\"sh-overlay-item-container\">\r\n                            <i class=\"icon-magnifier-add\"><\/i>\r\n                        <\/div>\r\n                    <\/a>\r\n                            <\/div>\r\n        <\/div>\r\n\r\n    \t\t\t<\/div>\r\n\r\n\t\t\t<div class=\"post-content-container\">\r\n\t\t\t\t<a href=\"https:\/\/dvsantos.com\/es\/recertificacion-del-national-board\/\" class=\"post-title\">\r\n\t\t\t\t\t<h2 itemprop=\"headline\">\r\n\t\t\t\t\t\t\t\t\t\t\t\tRe\u200bcertificaci\u00f3n del National Board\t\t\t\t\t<\/h2>\r\n\t\t\t\t<\/a>\r\n\r\n\t\t\t\t<div class=\"post-meta post-meta-one\">\r\n\t\t\t\t\t\r\n        <span class=\"post-meta-author\">\r\n            by            <a href=\"https:\/\/dvsantos.com\/es\/author\/contenidos\/\" class=\"bypostauthor\" itemprop=\"url\" rel=\"author\">\r\n                contenidos            <\/a>\r\n        <\/span>\r\n\r\n                    <time class=\"updated semantic\" itemprop=\"dateModified\" datetime=\"2022-01-30T04:14:28+00:00\"><\/time>\r\n            <a href=\"https:\/\/dvsantos.com\/es\/recertificacion-del-national-board\/\" class=\"post-meta-date sh-default-color\">abril 1, 2021<\/a>\r\n        \r\n    \t\t\t\t<\/div>\r\n\r\n\t\t\t\t<div class=\"post-content\" itemprop=\"text\">\r\n\t\t\t\t\t<p>Con lo cual mantenemos nuestro sello internacional ASME (American Society of Mechanical Engineers) hasta el 2023.<\/p>\n\t\t\t\t<\/div>\r\n\r\n\t\t\t\t<div class=\"post-meta post-meta-two\">\r\n\t\t\t\t\t\r\n        <div class=\"sh-columns post-meta-comments\">\r\n            <span class=\"post-meta-categories\">\r\n                <i class=\"icon-tag\"><\/i>\r\n                            <\/span>\r\n\r\n                            <div><\/div>\r\n                    <\/div>\r\n\r\n    \t\t\t\t<\/div>\r\n\t\t\t<\/div>\r\n\r\n\t\t<\/div>\r\n\t<\/article>\r\n\r\n\r\n\r\n\t<article id=\"post-560\" class=\"post-item post-560 post type-post status-publish format-standard has-post-thumbnail hentry category-comunicados\" itemscope=\"itemscope\" itemtype=\"http:\/\/schema.org\/Article\">\r\n\t\t<div class=\"post-container\">\r\n\t\t\t\r\n\t\t\t<div class=\"post-meta-thumb\">\r\n\t\t\t\t\r\n\t\t\t\t\t\t\t\t\t<img loading=\"lazy\" decoding=\"async\" width=\"1024\" height=\"701\" src=\"https:\/\/dvsantos.com\/wp-content\/uploads\/2022\/01\/blue-towers-1024x701.jpg\" class=\"attachment-large size-large wp-post-image\" alt=\"\" srcset=\"https:\/\/dvsantos.com\/wp-content\/uploads\/2022\/01\/blue-towers-1024x701.jpg 1024w, https:\/\/dvsantos.com\/wp-content\/uploads\/2022\/01\/blue-towers-300x205.jpg 300w, https:\/\/dvsantos.com\/wp-content\/uploads\/2022\/01\/blue-towers-768x526.jpg 768w, https:\/\/dvsantos.com\/wp-content\/uploads\/2022\/01\/blue-towers.jpg 1165w\" sizes=\"auto, (max-width: 1024px) 100vw, 1024px\" \/>\t\t\t\t\r\n\t\t\t\t\r\n        <div class=\"sh-overlay-style1\">\r\n            <div class=\"sh-table-full\">\r\n                                    <a href=\"https:\/\/dvsantos.com\/es\/estrenamos-nuevas-instalaciones-en-guayaquil\/\" class=\"sh-overlay-item sh-table-cell\" title=\"Open the article - En Guayaquil con nuevas instalaciones\">\r\n                        <div class=\"sh-overlay-item-container\">\r\n                            <i class=\"icon-link\"><\/i>\r\n                        <\/div>\r\n                    <\/a>\r\n                \r\n                                    <a href=\"https:\/\/dvsantos.com\/wp-content\/uploads\/2022\/01\/blue-towers-1024x701.jpg\" class=\"sh-overlay-item sh-table-cell\" data-rel=\"lightcase\">\r\n                        <div class=\"sh-overlay-item-container\">\r\n                            <i class=\"icon-magnifier-add\"><\/i>\r\n                        <\/div>\r\n                    <\/a>\r\n                            <\/div>\r\n        <\/div>\r\n\r\n    \t\t\t<\/div>\r\n\r\n\t\t\t<div class=\"post-content-container\">\r\n\t\t\t\t<a href=\"https:\/\/dvsantos.com\/es\/estrenamos-nuevas-instalaciones-en-guayaquil\/\" class=\"post-title\">\r\n\t\t\t\t\t<h2 itemprop=\"headline\">\r\n\t\t\t\t\t\t\t\t\t\t\t\tEn Guayaquil con nuevas instalaciones\t\t\t\t\t<\/h2>\r\n\t\t\t\t<\/a>\r\n\r\n\t\t\t\t<div class=\"post-meta post-meta-one\">\r\n\t\t\t\t\t\r\n        <span class=\"post-meta-author\">\r\n            by            <a href=\"https:\/\/dvsantos.com\/es\/author\/contenidos\/\" class=\"bypostauthor\" itemprop=\"url\" rel=\"author\">\r\n                contenidos            <\/a>\r\n        <\/span>\r\n\r\n                    <time class=\"updated semantic\" itemprop=\"dateModified\" datetime=\"2022-01-30T04:24:03+00:00\"><\/time>\r\n            <a href=\"https:\/\/dvsantos.com\/es\/estrenamos-nuevas-instalaciones-en-guayaquil\/\" class=\"post-meta-date sh-default-color\">octubre 5, 2020<\/a>\r\n        \r\n    \t\t\t\t<\/div>\r\n\r\n\t\t\t\t<div class=\"post-content\" itemprop=\"text\">\r\n\t\t\t\t\t<p>A partir del mes de octubre del 2020, estrenamos nuevas instalaciones de DVS Sede Guayaquil.<\/p>\n\t\t\t\t<\/div>\r\n\r\n\t\t\t\t<div class=\"post-meta post-meta-two\">\r\n\t\t\t\t\t\r\n        <div class=\"sh-columns post-meta-comments\">\r\n            <span class=\"post-meta-categories\">\r\n                <i class=\"icon-tag\"><\/i>\r\n                <a href=\"https:\/\/dvsantos.com\/es\/category\/comunicados\/\" rel=\"category tag\">Comunicados<\/a>, <a href=\"https:\/\/dvsantos.com\/es\/category\/comunicados\/\" rel=\"category tag\">Comunicados<\/a>            <\/span>\r\n\r\n                            <div><\/div>\r\n                    <\/div>\r\n\r\n    \t\t\t\t<\/div>\r\n\t\t\t<\/div>\r\n\r\n\t\t<\/div>\r\n\t<\/article>\r\n\r\n\r\n\t<\/div>\r\n\r\n\t\t\t<div class=\"sh-pagination sh-default-color\"><ul class='page-numbers'>\n\t<li><span aria-current=\"page\" class=\"page-numbers current\">1<\/span><\/li>\n\t<li><a class=\"page-numbers\" href=\"https:\/\/dvsantos.com\/es\/wp-json\/wp\/v2\/pages\/618\/page\/2\/\">2<\/a><\/li>\n\t<li><a class=\"next page-numbers\" href=\"https:\/\/dvsantos.com\/es\/wp-json\/wp\/v2\/pages\/618\/page\/2\/\">Next<\/a><\/li>\n<\/ul>\n<\/div>\t<\/div>\r\n            <style type=\"text\/css\">\r\n                #recent-posts-wSJ80YqhOi article.post-item .post-meta-categories,#recent-posts-wSJ80YqhOi article.post-item .post-meta-categories > * {}#recent-posts-wSJ80YqhOi article.post-item .post-readmore > div:first-child {}             <\/style>\r\n        [\/vc_column][\/vc_row]<\/p>\n","protected":false},"excerpt":{"rendered":"<p>[vc_row][vc_column][\/vc_column][\/vc_row]<\/p>\n","protected":false},"author":1,"featured_media":0,"parent":0,"menu_order":0,"comment_status":"closed","ping_status":"closed","template":"","meta":{"footnotes":""},"class_list":["post-618","page","type-page","status-publish","hentry"],"_links":{"self":[{"href":"https:\/\/dvsantos.com\/es\/wp-json\/wp\/v2\/pages\/618","targetHints":{"allow":["GET"]}}],"collection":[{"href":"https:\/\/dvsantos.com\/es\/wp-json\/wp\/v2\/pages"}],"about":[{"href":"https:\/\/dvsantos.com\/es\/wp-json\/wp\/v2\/types\/page"}],"author":[{"embeddable":true,"href":"https:\/\/dvsantos.com\/es\/wp-json\/wp\/v2\/users\/1"}],"replies":[{"embeddable":true,"href":"https:\/\/dvsantos.com\/es\/wp-json\/wp\/v2\/comments?post=618"}],"version-history":[{"count":2,"href":"https:\/\/dvsantos.com\/es\/wp-json\/wp\/v2\/pages\/618\/revisions"}],"predecessor-version":[{"id":620,"href":"https:\/\/dvsantos.com\/es\/wp-json\/wp\/v2\/pages\/618\/revisions\/620"}],"wp:attachment":[{"href":"https:\/\/dvsantos.com\/es\/wp-json\/wp\/v2\/media?parent=618"}],"curies":[{"name":"wp","href":"https:\/\/api.w.org\/{rel}","templated":true}]}}