{"id":630,"date":"2022-01-31T02:51:23","date_gmt":"2022-01-31T07:51:23","guid":{"rendered":"https:\/\/dvsantos.com\/?page_id=630"},"modified":"2022-02-02T05:37:27","modified_gmt":"2022-02-02T10:37:27","slug":"servicios","status":"publish","type":"page","link":"https:\/\/dvsantos.com\/es\/servicios\/","title":{"rendered":"Servicios"},"content":{"rendered":"<p>[vc_row full_width=&#8221;stretch_row&#8221; overflow=&#8221;default&#8221; css=&#8221;.vc_custom_1643263105381{padding-top: 60px !important;padding-bottom: 60px !important;background-color: #f5f5f5 !important;}&#8221;][vc_column][vc_column_text]Trabajar con una compa\u00f1\u00eda que te ofrece un punto \u00fanico de servicios representa una gran facilidad y seguridad para el cliente. DVS cuenta con todos los recursos necesarios para asumir los desaf\u00edos de un proyecto, brindado un servicio integral que incluye la ingenier\u00eda, procura y construcci\u00f3n.<\/p>\n<p>Nosotros elaboramos dise\u00f1os econ\u00f3micos y sencillos de construir, administramos la procura, despacho y recepci\u00f3n de equipo y materiales desde cualquier parte del mundo, y construimos obras importantes que contribuyen con el desarrollo de un pa\u00eds.[\/vc_column_text][\/vc_column][\/vc_row][vc_row full_width=&#8221;stretch_row&#8221; overflow=&#8221;default&#8221; css=&#8221;.vc_custom_1643797862399{padding-top: 60px !important;padding-bottom: 90px !important;background-position: center !important;background-repeat: no-repeat !important;background-size: cover !important;}&#8221; el_id=&#8221;servicios&#8221;][vc_column]\r\n<div id=\"tabs-4CITMn8Gt3\" class=\"sh-tabs sh-tabs-style4\">\r\n\t<!-- Tabs -->\r\n\t<ul class=\"nav nav-tabs sh-tabs-filter sh-noselect\" role=\"tablist\">\r\n\t\t\t\t\t\t\t\t\t<li role=\"presentation\" class=\" active\">\r\n\t\t\t\t\t<a href=\"#tab-4CITMn8Gt3-1\" role=\"tab\" data-toggle=\"tab\">\r\n\t\t\t\t\t\t\r\n\t\t\t\t\t\tINGENIER\u00cdA\r\n\t\t\t\t\t\t\t\t\t\t\t\t\t<span class=\"sh-tabs-icon\">\r\n\t\t\t\t\t\t\t\t<i class=\"fa fa-cogs\"><\/i>\r\n\t\t\t\t\t\t\t<\/span>\r\n\t\t\t\t\t\t\t\t\t\t\t<\/a>\r\n\t\t\t\t<\/li>\r\n\t\t\t\t\t\t\t<li role=\"presentation\" class=\"\">\r\n\t\t\t\t\t<a href=\"#tab-4CITMn8Gt3-2\" role=\"tab\" data-toggle=\"tab\">\r\n\t\t\t\t\t\t\r\n\t\t\t\t\t\tPROCURA\r\n\t\t\t\t\t\t\t\t\t\t\t\t\t<span class=\"sh-tabs-icon\">\r\n\t\t\t\t\t\t\t\t<i class=\"icon-layers\"><\/i>\r\n\t\t\t\t\t\t\t<\/span>\r\n\t\t\t\t\t\t\t\t\t\t\t<\/a>\r\n\t\t\t\t<\/li>\r\n\t\t\t\t\t\t\t<li role=\"presentation\" class=\"\">\r\n\t\t\t\t\t<a href=\"#tab-4CITMn8Gt3-3\" role=\"tab\" data-toggle=\"tab\">\r\n\t\t\t\t\t\t\r\n\t\t\t\t\t\tCONSTRUCCI\u00d3N\r\n\t\t\t\t\t\t\t\t\t\t\t\t\t<span class=\"sh-tabs-icon\">\r\n\t\t\t\t\t\t\t\t<i class=\"ti-ruler-pencil\"><\/i>\r\n\t\t\t\t\t\t\t<\/span>\r\n\t\t\t\t\t\t\t\t\t\t\t<\/a>\r\n\t\t\t\t<\/li>\r\n\t\t\t\t\t\t<\/ul>\r\n\r\n\t<!-- Content -->\r\n\t<div class=\"tab-content\">\r\n\t\t\t\t\t\t\t\t\t<div role=\"tabpanel\" class=\"tab-pane fade in active\" id=\"tab-4CITMn8Gt3-1\">\r\n\t\t\t\t\t<h2 id=\"engineering\">INGENIER\u00cdA MULTIDISCIPLINARIA<\/h2>\n<p>Toda nuestra ingenier\u00eda integra tecnolog\u00eda 3D y programas de \u00faltima generaci\u00f3n. La combinaci\u00f3n de nuestras capacidades en ingenier\u00eda y construcci\u00f3n nos permite producir dise\u00f1os \u00fanicos, tanto econ\u00f3micos como sencillos de construir.<\/p>\n<p>As\u00ed ponemos a la orden de nuestros clientes los 15 a\u00f1os de experiencia de un equipo de trabajo que ha adquirido amplio conocimiento acerca de c\u00f3digos y regulaciones locales e internacionales de construcci\u00f3n y dise\u00f1o. Un verdadero aporte para los retos que esperan en obra.<\/p>\t\t\t\t<\/div>\r\n\t\t\t\t\t\t\t<div role=\"tabpanel\" class=\"tab-pane fade\" id=\"tab-4CITMn8Gt3-2\">\r\n\t\t\t\t\t<h2 id=\"procurement\">PROCURA ALREDEDOR DEL MUNDO<\/h2>\n<p>La red global de proveedores de DVS ofrece equipos y materiales de alta calidad, a trav\u00e9s de plataformas de comercio electr\u00f3nico, que son originados y enviados desde cualquier parte del mundo, incluyendo Estados Unidos, Asia y Latinoam\u00e9rica.<\/p>\n<p>Tenemos amplia experiencia en lo que respecta a capacidades de transporte y requisitos aduaneros espec\u00edficos dentro de la regi\u00f3n latinoamericana. Calidad y entregas puntuales est\u00e1n garantizadas con DVS.<\/p>\t\t\t\t<\/div>\r\n\t\t\t\t\t\t\t<div role=\"tabpanel\" class=\"tab-pane fade\" id=\"tab-4CITMn8Gt3-3\">\r\n\t\t\t\t\t<h2 id=\"construction\">CONSTRUCCI\u00d3N DE PRIMER NIVEL<\/h2>\n<p>Nuestro dominio de las disciplinas Civil, Mec\u00e1nica y El\u00e9ctrica, combinada con nuestros conocimientos y habilidad en el manejo de mano de obra local, hacen de DVS un contratista experimentado para cumplir con las necesidades de los clientes y proyectos tanto en tiempo, como en calidad y seguridad.<\/p>\n<p>Cuidamos hasta el m\u00ednimo detalle, logrando obtener niveles de excelencia en las obras ejecutadas por nuestro equipo de trabajo. Siempre nos mantenemos apegados a las normas constructivas y reglamentos locales, as\u00ed como al presupuesto fijado para el proyecto.<\/p>\t\t\t\t<\/div>\r\n\t\t\t\t\t\t<\/div>\r\n<\/div>\r\n            <style type=\"text\/css\">\r\n                #tabs-4CITMn8Gt3 .sh-tabs-filter li.active a,#tabs-4CITMn8Gt3 .sh-tabs-filter li:hover a {color: #25afdd!important;}#tabs-4CITMn8Gt3 .sh-tabs-filter li.active a {border-bottom-color: #25afdd!important;}#tabs-4CITMn8Gt3 .sh-tabs-filter li a:after {background-color: #25afdd!important;}            <\/style>\r\n        [\/vc_column][\/vc_row][vc_row full_width=&#8221;stretch_row&#8221; overflow=&#8221;default&#8221; css=&#8221;.vc_custom_1642233673232{padding-top: 90px !important;padding-bottom: 340px !important;background-image: url(https:\/\/dvsantos.com\/wp-content\/uploads\/2022\/01\/contact-background.jpg?id=250) !important;}&#8221;][vc_column]\r\n<div class=\"sh-heading   sh-animated fadeInUp\" id=\"heading-H1Cnu5GTSf\"data-wow-duration=\"2s\">\r\n\t<div class=\"sh-element-margin\">\r\n\r\n\t\t\r\n\t\t\t<h2 class=\"sh-heading-content size-default text-center\">\r\n\t\t\t\tCONT\u00c1CTENOS\t\t\t<\/h2>\r\n\r\n\t\t\r\n\t<\/div>\r\n<\/div>\r\n            <style type=\"text\/css\">\r\n                #heading-H1Cnu5GTSf .sh-element-margin {}#heading-H1Cnu5GTSf .sh-heading-content {font-weight: 700!important;color: #ffffff;}#heading-H1Cnu5GTSf .sh-heading-content,#heading-H1Cnu5GTSf .sh-heading-additional-text {}            <\/style>\r\n        \r\n<div class=\"sh-heading   sh-animated fadeInUp\" id=\"heading-yFLJhDzQmp\"data-wow-duration=\"2s\">\r\n\t<div class=\"sh-element-margin\">\r\n\r\n\t\t\r\n\t\t\t<h6 class=\"sh-heading-content size-default text-center\">\r\n\t\t\t\tSi deseas realizar cualquier consulta, por favor usa el siguiente formulario de contacto.\t\t\t<\/h6>\r\n\r\n\t\t\r\n\t<\/div>\r\n<\/div>\r\n            <style type=\"text\/css\">\r\n                #heading-yFLJhDzQmp .sh-element-margin {}#heading-yFLJhDzQmp .sh-heading-content {font-weight: 700!important;color: #ffffff;}#heading-yFLJhDzQmp .sh-heading-content,#heading-yFLJhDzQmp .sh-heading-additional-text {}            <\/style>\r\n        [\/vc_column][\/vc_row][vc_row css_animation=&#8221;fadeInUp&#8221; shadow=&#8221;shadow1&#8243; overflow=&#8221;default&#8221; css=&#8221;.vc_custom_1622695367100{margin-top: -240px !important;padding-top: 50px !important;padding-bottom: 110px !important;background-color: #ffffff !important;}&#8221;][vc_column width=&#8221;2\/3&#8243; overflow=&#8221;default&#8221; max_width=&#8221;1090&#8243; css=&#8221;.vc_custom_1622697925848{padding-right: 40px !important;padding-left: 40px !important;}&#8221;]\r\n            <style media=\"screen\">\r\n                                #cf7-10 label {\r\n                    \r\n                    \r\n                                            font-weight: !important;\r\n                    \r\n                                    }\r\n\r\n\r\n\r\n\r\n                                #cf7-10 input:not([type=\"submit\"]),\r\n                #cf7-10 select,\r\n                #cf7-10 textarea,\r\n                #cf7-10 .SumoSelect > .CaptionCont {\r\n                    \r\n                    \r\n                    \r\n                    \r\n                    \r\n                    \r\n                    \r\n                    transition: 0.3s all ease-in-out;\r\n                }\r\n\r\n\r\n                #cf7-10 input:not([type=\"submit\"]):hover,\r\n                #cf7-10 select:hover,\r\n                #cf7-10 textarea:hover {\r\n                    \r\n                    \r\n                                    }\r\n\r\n\r\n                #cf7-10 input:not([type=\"submit\"]):focus,\r\n                #cf7-10 select:focus,\r\n                #cf7-10 textarea:focus {\r\n                    \r\n                    \r\n                                    }\r\n\r\n\r\n                \r\n\r\n                \r\n                \r\n\r\n\r\n\r\n                                #cf7-10 .wpcf7-submit {\r\n\r\n                    \r\n                    \r\n                    \r\n                    \r\n                    \r\n                    \r\n                    \r\n                    \r\n                    \r\n                    \r\n                    \r\n                                    }\r\n\r\n\r\n                \r\n\r\n                \r\n\r\n                            <\/style>\r\n\r\n\r\n            <div id=\"cf7-10\" class=\"sh-cf7 sh-cf7-wpbakery sh-cf7-style1 sh-cf7-layout-default \">\r\n                <div role=\"form\" class=\"wpcf7\" id=\"wpcf7-f10-o1\" lang=\"en-US\" dir=\"ltr\">\n<div class=\"screen-reader-response\"><p role=\"status\" aria-live=\"polite\" aria-atomic=\"true\"><\/p> <ul><\/ul><\/div>\n<form action=\"\/es\/wp-json\/wp\/v2\/pages\/630#wpcf7-f10-o1\" method=\"post\" class=\"wpcf7-form init\" novalidate=\"novalidate\" data-status=\"init\">\n<div style=\"display: none;\">\n<input type=\"hidden\" name=\"_wpcf7\" value=\"10\" \/>\n<input type=\"hidden\" name=\"_wpcf7_version\" value=\"5.5.4\" \/>\n<input type=\"hidden\" name=\"_wpcf7_locale\" value=\"en_US\" \/>\n<input type=\"hidden\" name=\"_wpcf7_unit_tag\" value=\"wpcf7-f10-o1\" \/>\n<input type=\"hidden\" name=\"_wpcf7_container_post\" value=\"0\" \/>\n<input type=\"hidden\" name=\"_wpcf7_posted_data_hash\" value=\"\" \/>\n<\/div>\n<div class=\"sh-cf7-body\"><p><label> Your name<br \/>\n    <span class=\"wpcf7-form-control-wrap your-name\"><input type=\"text\" name=\"your-name\" value=\"\" size=\"40\" class=\"wpcf7-form-control wpcf7-text wpcf7-validates-as-required\" aria-required=\"true\" aria-invalid=\"false\" \/><\/span> <\/label><\/p>\n<p><label> Your email<br \/>\n    <span class=\"wpcf7-form-control-wrap your-email\"><input type=\"email\" name=\"your-email\" value=\"\" size=\"40\" class=\"wpcf7-form-control wpcf7-text wpcf7-email wpcf7-validates-as-required wpcf7-validates-as-email\" aria-required=\"true\" aria-invalid=\"false\" \/><\/span> <\/label><\/p>\n<p><label> Subject<br \/>\n    <span class=\"wpcf7-form-control-wrap your-subject\"><input type=\"text\" name=\"your-subject\" value=\"\" size=\"40\" class=\"wpcf7-form-control wpcf7-text wpcf7-validates-as-required\" aria-required=\"true\" aria-invalid=\"false\" \/><\/span> <\/label><\/p>\n<p><label> Your message (optional)<br \/>\n    <span class=\"wpcf7-form-control-wrap your-message\"><textarea name=\"your-message\" cols=\"40\" rows=\"10\" class=\"wpcf7-form-control wpcf7-textarea\" aria-invalid=\"false\"><\/textarea><\/span> <\/label><\/p>\n<p><input type=\"submit\" value=\"Submit\" class=\"wpcf7-form-control has-spinner wpcf7-submit\" \/><\/p>\n<\/div><div class=\"wpcf7-response-output\" aria-hidden=\"true\"><\/div><\/form><\/div>            <\/div>\r\n\r\n        [\/vc_column][vc_column width=&#8221;1\/3&#8243; overflow=&#8221;default&#8221; css=&#8221;.vc_custom_1622697932079{padding-right: 40px !important;padding-left: 40px !important;}&#8221;][vc_single_image image=&#8221;287&#8243; img_size=&#8221;full&#8221;][\/vc_column][\/vc_row]<\/p>\n","protected":false},"excerpt":{"rendered":"<p>[vc_row full_width=&#8221;stretch_row&#8221; overflow=&#8221;default&#8221; css=&#8221;.vc_custom_1643263105381{padding-top: 60px !important;padding-bottom: 60px !important;background-color: #f5f5f5 !important;}&#8221;][vc_column][vc_column_text]Trabajar con una compa\u00f1\u00eda que te ofrece un punto \u00fanico de servicios representa una gran facilidad y seguridad para el cliente. DVS cuenta con todos los recursos necesarios para asumir los desaf\u00edos de un proyecto, brindado un servicio integral que incluye la ingenier\u00eda, procura y construcci\u00f3n. Nosotros elaboramos dise\u00f1os econ\u00f3micos y sencillos de construir, administramos la procura, despacho y recepci\u00f3n de equipo y materiales desde cualquier parte del&#8230;<\/p>\n","protected":false},"author":1,"featured_media":0,"parent":0,"menu_order":0,"comment_status":"closed","ping_status":"closed","template":"","meta":{"footnotes":""},"class_list":["post-630","page","type-page","status-publish","hentry"],"_links":{"self":[{"href":"https:\/\/dvsantos.com\/es\/wp-json\/wp\/v2\/pages\/630","targetHints":{"allow":["GET"]}}],"collection":[{"href":"https:\/\/dvsantos.com\/es\/wp-json\/wp\/v2\/pages"}],"about":[{"href":"https:\/\/dvsantos.com\/es\/wp-json\/wp\/v2\/types\/page"}],"author":[{"embeddable":true,"href":"https:\/\/dvsantos.com\/es\/wp-json\/wp\/v2\/users\/1"}],"replies":[{"embeddable":true,"href":"https:\/\/dvsantos.com\/es\/wp-json\/wp\/v2\/comments?post=630"}],"version-history":[{"count":4,"href":"https:\/\/dvsantos.com\/es\/wp-json\/wp\/v2\/pages\/630\/revisions"}],"predecessor-version":[{"id":698,"href":"https:\/\/dvsantos.com\/es\/wp-json\/wp\/v2\/pages\/630\/revisions\/698"}],"wp:attachment":[{"href":"https:\/\/dvsantos.com\/es\/wp-json\/wp\/v2\/media?parent=630"}],"curies":[{"name":"wp","href":"https:\/\/api.w.org\/{rel}","templated":true}]}}