{"id":632,"date":"2022-01-31T02:53:26","date_gmt":"2022-01-31T07:53:26","guid":{"rendered":"https:\/\/dvsantos.com\/?page_id=632"},"modified":"2022-02-02T05:46:07","modified_gmt":"2022-02-02T10:46:07","slug":"videos","status":"publish","type":"page","link":"https:\/\/dvsantos.com\/es\/videos\/","title":{"rendered":"Videos"},"content":{"rendered":"<p>[vc_row full_width=&#8221;stretch_row&#8221; overflow=&#8221;default&#8221; css=&#8221;.vc_custom_1622739813595{padding-top: 90px !important;padding-bottom: 90px !important;background-color: #f5f5f5 !important;}&#8221;][vc_column][vc_row_inner gap=&#8221;20&#8243; overflow=&#8221;default&#8221;][vc_column_inner width=&#8221;1\/3&#8243; overflow=&#8221;default&#8221; css=&#8221;.vc_custom_1622740487290{border-top-width: 1px !important;border-right-width: 1px !important;border-bottom-width: 1px !important;border-left-width: 1px !important;padding-bottom: 32px !important;background-color: #ffffff !important;border-left-color: #c3c4c7 !important;border-left-style: solid !important;border-right-color: #c3c4c7 !important;border-right-style: solid !important;border-top-color: #c3c4c7 !important;border-top-style: solid !important;border-bottom-color: #c3c4c7 !important;border-bottom-style: solid !important;border-radius: 10px !important;}&#8221;][vc_video link=&#8221;https:\/\/www.youtube.com\/watch?v=nZarvY7B0Dw&#8221; align=&#8221;center&#8221; css_animation=&#8221;fadeIn&#8221;][vc_column_text]Somos energ\u00eda y tenemos potencial para todo el continente.[\/vc_column_text][\/vc_column_inner][vc_column_inner width=&#8221;1\/3&#8243; overflow=&#8221;default&#8221; css=&#8221;.vc_custom_1622740660259{border-top-width: 1px !important;border-right-width: 1px !important;border-bottom-width: 1px !important;border-left-width: 1px !important;padding-bottom: 32px !important;background-color: #ffffff !important;border-left-color: #c3c4c7 !important;border-left-style: solid !important;border-right-color: #c3c4c7 !important;border-right-style: solid !important;border-top-color: #c3c4c7 !important;border-top-style: solid !important;border-bottom-color: #c3c4c7 !important;border-bottom-style: solid !important;border-radius: 10px !important;}&#8221;][vc_video link=&#8221;https:\/\/www.youtube.com\/watch?v=TX58tu8J_vE&#8221; align=&#8221;center&#8221; css_animation=&#8221;fadeIn&#8221;][vc_column_text]Entregar obras cumpliendo tiempos y calidad, asegura la satisfacci\u00f3n y fidelidad de tu cliente.[\/vc_column_text][\/vc_column_inner][vc_column_inner width=&#8221;1\/3&#8243; overflow=&#8221;default&#8221; css=&#8221;.vc_custom_1622740666242{border-top-width: 1px !important;border-right-width: 1px !important;border-bottom-width: 1px !important;border-left-width: 1px !important;padding-bottom: 32px !important;background-color: #ffffff !important;border-left-color: #c3c4c7 !important;border-left-style: solid !important;border-right-color: #c3c4c7 !important;border-right-style: solid !important;border-top-color: #c3c4c7 !important;border-top-style: solid !important;border-bottom-color: #c3c4c7 !important;border-bottom-style: solid !important;border-radius: 10px !important;}&#8221;][vc_video link=&#8221;https:\/\/www.youtube.com\/watch?v=3R0nylQiBMk&#8221; align=&#8221;center&#8221; css_animation=&#8221;fadeIn&#8221;][vc_column_text]El control de calidad de tu ingenier\u00eda aseg\u00fara una operaci\u00f3n eficiente.[\/vc_column_text][\/vc_column_inner][\/vc_row_inner][vc_row_inner gap=&#8221;20&#8243; overflow=&#8221;default&#8221;][vc_column_inner width=&#8221;1\/3&#8243; overflow=&#8221;default&#8221; css=&#8221;.vc_custom_1622740487290{border-top-width: 1px !important;border-right-width: 1px !important;border-bottom-width: 1px !important;border-left-width: 1px !important;padding-bottom: 32px !important;background-color: #ffffff !important;border-left-color: #c3c4c7 !important;border-left-style: solid !important;border-right-color: #c3c4c7 !important;border-right-style: solid !important;border-top-color: #c3c4c7 !important;border-top-style: solid !important;border-bottom-color: #c3c4c7 !important;border-bottom-style: solid !important;border-radius: 10px !important;}&#8221;][vc_video link=&#8221;https:\/\/www.youtube.com\/watch?v=AebJ5jNnF6A&#8221; align=&#8221;center&#8221; css_animation=&#8221;fadeIn&#8221;][vc_column_text]En nuestra empresa todos los empleados son importantes. La suma de esfuerzos logra objetivos.[\/vc_column_text][\/vc_column_inner][vc_column_inner width=&#8221;1\/3&#8243; overflow=&#8221;default&#8221; css=&#8221;.vc_custom_1622740660259{border-top-width: 1px !important;border-right-width: 1px !important;border-bottom-width: 1px !important;border-left-width: 1px !important;padding-bottom: 32px !important;background-color: #ffffff !important;border-left-color: #c3c4c7 !important;border-left-style: solid !important;border-right-color: #c3c4c7 !important;border-right-style: solid !important;border-top-color: #c3c4c7 !important;border-top-style: solid !important;border-bottom-color: #c3c4c7 !important;border-bottom-style: solid !important;border-radius: 10px !important;}&#8221;][vc_video link=&#8221;https:\/\/www.youtube.com\/watch?v=wJvF08TGgqw&#8221; align=&#8221;center&#8221; css_animation=&#8221;fadeIn&#8221;][vc_column_text]DVSantos a one stop shop companyin the power, oil and gas market.[\/vc_column_text][\/vc_column_inner][vc_column_inner width=&#8221;1\/3&#8243; overflow=&#8221;default&#8221; css=&#8221;.vc_custom_1622740666242{border-top-width: 1px !important;border-right-width: 1px !important;border-bottom-width: 1px !important;border-left-width: 1px !important;padding-bottom: 32px !important;background-color: #ffffff !important;border-left-color: #c3c4c7 !important;border-left-style: solid !important;border-right-color: #c3c4c7 !important;border-right-style: solid !important;border-top-color: #c3c4c7 !important;border-top-style: solid !important;border-bottom-color: #c3c4c7 !important;border-bottom-style: solid !important;border-radius: 10px !important;}&#8221;][vc_video link=&#8221;https:\/\/www.youtube.com\/watch?v=lsc0tA5pTck&#8221; align=&#8221;center&#8221; css_animation=&#8221;fadeIn&#8221;][vc_column_text]La Optimizaci\u00f3n de los recursos beneficia a tu cliente.[\/vc_column_text][\/vc_column_inner][\/vc_row_inner][vc_row_inner gap=&#8221;20&#8243; overflow=&#8221;default&#8221;][vc_column_inner width=&#8221;1\/3&#8243; overflow=&#8221;default&#8221; css=&#8221;.vc_custom_1622740487290{border-top-width: 1px !important;border-right-width: 1px !important;border-bottom-width: 1px !important;border-left-width: 1px !important;padding-bottom: 32px !important;background-color: #ffffff !important;border-left-color: #c3c4c7 !important;border-left-style: solid !important;border-right-color: #c3c4c7 !important;border-right-style: solid !important;border-top-color: #c3c4c7 !important;border-top-style: solid !important;border-bottom-color: #c3c4c7 !important;border-bottom-style: solid !important;border-radius: 10px !important;}&#8221;][vc_video link=&#8221;https:\/\/www.youtube.com\/watch?v=9YA9bwPjFgE&#8221; align=&#8221;center&#8221; css_animation=&#8221;fadeIn&#8221;][vc_column_text]En todo trabajo la seguridad es lo primero.[\/vc_column_text][\/vc_column_inner][vc_column_inner width=&#8221;1\/3&#8243; overflow=&#8221;default&#8221; css=&#8221;.vc_custom_1622740660259{border-top-width: 1px !important;border-right-width: 1px !important;border-bottom-width: 1px !important;border-left-width: 1px !important;padding-bottom: 32px !important;background-color: #ffffff !important;border-left-color: #c3c4c7 !important;border-left-style: solid !important;border-right-color: #c3c4c7 !important;border-right-style: solid !important;border-top-color: #c3c4c7 !important;border-top-style: solid !important;border-bottom-color: #c3c4c7 !important;border-bottom-style: solid !important;border-radius: 10px !important;}&#8221;][vc_video link=&#8221;https:\/\/www.youtube.com\/watch?v=PVv-3OdPQX8&#8243; align=&#8221;center&#8221; css_animation=&#8221;fadeIn&#8221;][vc_column_text]Ingenier\u00eda de costos al servicio de los proyectos.[\/vc_column_text][\/vc_column_inner][vc_column_inner width=&#8221;1\/3&#8243; overflow=&#8221;default&#8221; css=&#8221;.vc_custom_1622740666242{border-top-width: 1px !important;border-right-width: 1px !important;border-bottom-width: 1px !important;border-left-width: 1px !important;padding-bottom: 32px !important;background-color: #ffffff !important;border-left-color: #c3c4c7 !important;border-left-style: solid !important;border-right-color: #c3c4c7 !important;border-right-style: solid !important;border-top-color: #c3c4c7 !important;border-top-style: solid !important;border-bottom-color: #c3c4c7 !important;border-bottom-style: solid !important;border-radius: 10px !important;}&#8221;][vc_video link=&#8221;https:\/\/www.youtube.com\/watch?v=vWiqrha-ek0&#8243; align=&#8221;center&#8221; css_animation=&#8221;fadeIn&#8221;][vc_column_text]Mensaje finde a\u00f1o 2020[\/vc_column_text][\/vc_column_inner][\/vc_row_inner][\/vc_column][\/vc_row]<\/p>\n","protected":false},"excerpt":{"rendered":"<p>[vc_row full_width=&#8221;stretch_row&#8221; overflow=&#8221;default&#8221; css=&#8221;.vc_custom_1622739813595{padding-top: 90px !important;padding-bottom: 90px !important;background-color: #f5f5f5 !important;}&#8221;][vc_column][vc_row_inner gap=&#8221;20&#8243; overflow=&#8221;default&#8221;][vc_column_inner width=&#8221;1\/3&#8243; overflow=&#8221;default&#8221; css=&#8221;.vc_custom_1622740487290{border-top-width: 1px !important;border-right-width: 1px !important;border-bottom-width: 1px !important;border-left-width: 1px !important;padding-bottom: 32px !important;background-color: #ffffff !important;border-left-color: #c3c4c7 !important;border-left-style: solid !important;border-right-color: #c3c4c7 !important;border-right-style: solid !important;border-top-color: #c3c4c7 !important;border-top-style: solid !important;border-bottom-color: #c3c4c7 !important;border-bottom-style: solid !important;border-radius: 10px !important;}&#8221;][vc_video link=&#8221;https:\/\/www.youtube.com\/watch?v=nZarvY7B0Dw&#8221; align=&#8221;center&#8221; css_animation=&#8221;fadeIn&#8221;][vc_column_text]Somos energ\u00eda y tenemos potencial para todo el continente.[\/vc_column_text][\/vc_column_inner][vc_column_inner width=&#8221;1\/3&#8243; overflow=&#8221;default&#8221; css=&#8221;.vc_custom_1622740660259{border-top-width: 1px !important;border-right-width: 1px !important;border-bottom-width: 1px !important;border-left-width: 1px !important;padding-bottom: 32px !important;background-color: #ffffff !important;border-left-color: #c3c4c7 !important;border-left-style: solid !important;border-right-color: #c3c4c7 !important;border-right-style:&#8230;<\/p>\n","protected":false},"author":1,"featured_media":0,"parent":0,"menu_order":0,"comment_status":"closed","ping_status":"closed","template":"","meta":{"footnotes":""},"class_list":["post-632","page","type-page","status-publish","hentry"],"_links":{"self":[{"href":"https:\/\/dvsantos.com\/es\/wp-json\/wp\/v2\/pages\/632","targetHints":{"allow":["GET"]}}],"collection":[{"href":"https:\/\/dvsantos.com\/es\/wp-json\/wp\/v2\/pages"}],"about":[{"href":"https:\/\/dvsantos.com\/es\/wp-json\/wp\/v2\/types\/page"}],"author":[{"embeddable":true,"href":"https:\/\/dvsantos.com\/es\/wp-json\/wp\/v2\/users\/1"}],"replies":[{"embeddable":true,"href":"https:\/\/dvsantos.com\/es\/wp-json\/wp\/v2\/comments?post=632"}],"version-history":[{"count":3,"href":"https:\/\/dvsantos.com\/es\/wp-json\/wp\/v2\/pages\/632\/revisions"}],"predecessor-version":[{"id":705,"href":"https:\/\/dvsantos.com\/es\/wp-json\/wp\/v2\/pages\/632\/revisions\/705"}],"wp:attachment":[{"href":"https:\/\/dvsantos.com\/es\/wp-json\/wp\/v2\/media?parent=632"}],"curies":[{"name":"wp","href":"https:\/\/api.w.org\/{rel}","templated":true}]}}