{"id":896,"date":"2025-02-13T22:02:14","date_gmt":"2025-02-14T03:02:14","guid":{"rendered":"https:\/\/dvsantos.com\/?page_id=896"},"modified":"2025-02-13T23:51:05","modified_gmt":"2025-02-14T04:51:05","slug":"proyectos","status":"publish","type":"page","link":"https:\/\/dvsantos.com\/es\/proyectos\/","title":{"rendered":"Proyectos"},"content":{"rendered":"<p>[vc_row overflow=&#8221;default&#8221; css=&#8221;.vc_custom_1738944487112{padding-top: 90px !important;}&#8221;][vc_column]\r\n<div class=\"sh-heading  \" id=\"heading-5jaWp2DEcN\">\r\n\t<div class=\"sh-element-margin\">\r\n\r\n\t\t\r\n\t\t\t<h2 class=\"sh-heading-content size-default text-center\">\r\n\t\t\t\tCAPACIDAD INSTALADA\t\t\t<\/h2>\r\n\r\n\t\t\r\n\t<\/div>\r\n<\/div>\r\n            <style type=\"text\/css\">\r\n                #heading-5jaWp2DEcN .sh-element-margin {margin: 15px 0px 15px 0px;}#heading-5jaWp2DEcN .sh-heading-content {font-weight: 700!important;color: #0473aa;}#heading-5jaWp2DEcN .sh-heading-content,#heading-5jaWp2DEcN .sh-heading-additional-text {}            <\/style>\r\n        [\/vc_column][\/vc_row][vc_row overflow=&#8221;default&#8221;][vc_column]\r\n<div class=\"sh-heading  \" id=\"heading-eVLbD07r5X\">\r\n\t<div class=\"sh-element-margin\">\r\n\r\n\t\t\r\n\t\t\t<h2 class=\"sh-heading-content size-default text-left\">\r\n\t\t\t\tArgentina\t\t\t<\/h2>\r\n\r\n\t\t\r\n\t<\/div>\r\n<\/div>\r\n            <style type=\"text\/css\">\r\n                #heading-eVLbD07r5X .sh-element-margin {margin: 15px 0px 15px 0px;}#heading-eVLbD07r5X .sh-heading-content {font-weight: 700!important;}#heading-eVLbD07r5X .sh-heading-content,#heading-eVLbD07r5X .sh-heading-additional-text {}            <\/style>\r\n        [vc_separator][\/vc_column][\/vc_row][vc_row overflow=&#8221;default&#8221;][vc_column width=&#8221;1\/4&#8243;][vc_single_image image=&#8221;773&#8243; img_size=&#8221;medium&#8221; alignment=&#8221;center&#8221; onclick=&#8221;custom_link&#8221; link=&#8221;https:\/\/dvsantos.com\/project\/ramallo\/&#8221;]\r\n<div class=\"sh-heading  \" id=\"heading-IrVgTHLKuy\">\r\n\t<div class=\"sh-element-margin\">\r\n\r\n\t\t\r\n\t\t\t<h4 class=\"sh-heading-content size-default text-left\">\r\n\t\t\t\tAbasto 1\t\t\t<\/h4>\r\n\r\n\t\t\r\n\t<\/div>\r\n<\/div>\r\n            <style type=\"text\/css\">\r\n                #heading-IrVgTHLKuy .sh-element-margin {margin: 15px 0px 15px 0px;}#heading-IrVgTHLKuy .sh-heading-content {font-weight: 700!important;}#heading-IrVgTHLKuy .sh-heading-content,#heading-IrVgTHLKuy .sh-heading-additional-text {}            <\/style>\r\n        [vc_column_text]256 MW<br \/>\n<strong>Estado:<\/strong> en ejecuci\u00f3n<br \/>\n<strong>Ubicaci\u00f3n:<\/strong> Abasto Brandsen &#8211; Prov. de Buenos Aires, Argentina<br \/>\n<strong>Sector:<\/strong> Energ\u00eda<br \/>\n<strong>Per\u00edodo:<\/strong> 2023 &#8211; en curso[\/vc_column_text][\/vc_column][vc_column width=&#8221;1\/4&#8243;][vc_single_image image=&#8221;882&#8243; img_size=&#8221;medium&#8221; alignment=&#8221;center&#8221; onclick=&#8221;custom_link&#8221; link=&#8221;https:\/\/dvsantos.com\/project\/san-pedro\/&#8221;]\r\n<div class=\"sh-heading  \" id=\"heading-Jzk6EPwaeS\">\r\n\t<div class=\"sh-element-margin\">\r\n\r\n\t\t\r\n\t\t\t<h4 class=\"sh-heading-content size-default text-left\">\r\n\t\t\t\tSan Pedro\t\t\t<\/h4>\r\n\r\n\t\t\r\n\t<\/div>\r\n<\/div>\r\n            <style type=\"text\/css\">\r\n                #heading-Jzk6EPwaeS .sh-element-margin {margin: 15px 0px 15px 0px;}#heading-Jzk6EPwaeS .sh-heading-content {font-weight: 700!important;}#heading-Jzk6EPwaeS .sh-heading-content,#heading-Jzk6EPwaeS .sh-heading-additional-text {}            <\/style>\r\n        [vc_column_text]216 MW<br \/>\n<strong>Estado:<\/strong> Conclu\u00eddo<br \/>\n<strong>Ubicaci\u00f3n:<\/strong> San Pedro, Prov. de Buenos Aires, Argentina<br \/>\n<strong>Sector:<\/strong> Energ\u00eda<br \/>\n<strong>Per\u00edodo:<\/strong> 2022 \u2013 2024[\/vc_column_text][\/vc_column][vc_column width=&#8221;1\/4&#8243;][vc_single_image image=&#8221;426&#8243; img_size=&#8221;medium&#8221; alignment=&#8221;center&#8221; onclick=&#8221;custom_link&#8221; link=&#8221;https:\/\/dvsantos.com\/project\/san-lorenzo\/&#8221;]\r\n<div class=\"sh-heading  \" id=\"heading-g1JV27YHZo\">\r\n\t<div class=\"sh-element-margin\">\r\n\r\n\t\t\r\n\t\t\t<h4 class=\"sh-heading-content size-default text-left\">\r\n\t\t\t\tSan Lorenzo\t\t\t<\/h4>\r\n\r\n\t\t\r\n\t<\/div>\r\n<\/div>\r\n            <style type=\"text\/css\">\r\n                #heading-g1JV27YHZo .sh-element-margin {margin: 15px 0px 15px 0px;}#heading-g1JV27YHZo .sh-heading-content {font-weight: 700!important;}#heading-g1JV27YHZo .sh-heading-content,#heading-g1JV27YHZo .sh-heading-additional-text {}            <\/style>\r\n        [vc_column_text]350 MW<br \/>\n<strong>Estado:<\/strong> conclu\u00eddo<br \/>\n<strong>Ubicaci\u00f3n:<\/strong> San Lorenzo, Provincia de Santa Fe, Argentina<br \/>\n<strong>Sector:<\/strong> Energy<br \/>\n<strong>Per\u00edodo:<\/strong> Noviembre 2018 &#8211; Diciembre 2021[\/vc_column_text][\/vc_column][vc_column width=&#8221;1\/4&#8243;][vc_single_image image=&#8221;74&#8243; img_size=&#8221;medium&#8221; alignment=&#8221;center&#8221; onclick=&#8221;custom_link&#8221; link=&#8221;https:\/\/dvsantos.com\/project\/villa-maria\/&#8221;]\r\n<div class=\"sh-heading  \" id=\"heading-Cv38LxblzJ\">\r\n\t<div class=\"sh-element-margin\">\r\n\r\n\t\t\r\n\t\t\t<h4 class=\"sh-heading-content size-default text-left\">\r\n\t\t\t\tVilla Mar\u00eda\t\t\t<\/h4>\r\n\r\n\t\t\r\n\t<\/div>\r\n<\/div>\r\n            <style type=\"text\/css\">\r\n                #heading-Cv38LxblzJ .sh-element-margin {margin: 15px 0px 15px 0px;}#heading-Cv38LxblzJ .sh-heading-content {font-weight: 700!important;}#heading-Cv38LxblzJ .sh-heading-content,#heading-Cv38LxblzJ .sh-heading-additional-text {}            <\/style>\r\n        [vc_column_text]150 MW<br \/>\n<strong>Estado: <\/strong>Conclu\u00eddo<br \/>\n<strong>Ubicaci\u00f3n:<\/strong> Villa Maria &#8211; Provincia de C\u00f3rdoba, Argentina<br \/>\n<strong>Sector:<\/strong> Energ\u00eda<br \/>\n<strong>Per\u00edodo: <\/strong>Febrero 2017 &#8211; Diciembre 2017[\/vc_column_text][\/vc_column][\/vc_row][vc_row overflow=&#8221;default&#8221;][vc_column width=&#8221;1\/4&#8243;][vc_single_image image=&#8221;903&#8243; img_size=&#8221;medium&#8221; alignment=&#8221;center&#8221; onclick=&#8221;custom_link&#8221; link=&#8221;https:\/\/dvsantos.com\/project\/barker\/&#8221;]\r\n<div class=\"sh-heading  \" id=\"heading-XD1oHK65If\">\r\n\t<div class=\"sh-element-margin\">\r\n\r\n\t\t\r\n\t\t\t<h4 class=\"sh-heading-content size-default text-left\">\r\n\t\t\t\tBarker\t\t\t<\/h4>\r\n\r\n\t\t\r\n\t<\/div>\r\n<\/div>\r\n            <style type=\"text\/css\">\r\n                #heading-XD1oHK65If .sh-element-margin {margin: 15px 0px 15px 0px;}#heading-XD1oHK65If .sh-heading-content {font-weight: 700!important;}#heading-XD1oHK65If .sh-heading-content,#heading-XD1oHK65If .sh-heading-additional-text {}            <\/style>\r\n        [vc_column_text]150 MW<br \/>\n<strong>Estado:<\/strong> capacidad instalada<br \/>\n<strong>Ubicaci\u00f3n:<\/strong> San Pedro, Provincia de Buenos Aires, Argentina<br \/>\n<strong>Sector:<\/strong> Energ\u00eda<br \/>\n<strong>Per\u00edodo:<\/strong> Diciembre 2016 \u2013 Noviembre 2017[\/vc_column_text][\/vc_column][vc_column width=&#8221;1\/4&#8243;][vc_single_image image=&#8221;900&#8243; img_size=&#8221;medium&#8221; alignment=&#8221;center&#8221; onclick=&#8221;custom_link&#8221; link=&#8221;https:\/\/dvsantos.com\/project\/general-rojo\/&#8221;]\r\n<div class=\"sh-heading  \" id=\"heading-bFi5LhHlBx\">\r\n\t<div class=\"sh-element-margin\">\r\n\r\n\t\t\r\n\t\t\t<h4 class=\"sh-heading-content size-default text-left\">\r\n\t\t\t\tGeneral Rojo\t\t\t<\/h4>\r\n\r\n\t\t\r\n\t<\/div>\r\n<\/div>\r\n            <style type=\"text\/css\">\r\n                #heading-bFi5LhHlBx .sh-element-margin {margin: 15px 0px 15px 0px;}#heading-bFi5LhHlBx .sh-heading-content {font-weight: 700!important;}#heading-bFi5LhHlBx .sh-heading-content,#heading-bFi5LhHlBx .sh-heading-additional-text {}            <\/style>\r\n        [vc_column_text]150 MW<\/p>\n<p><strong>Estado:<\/strong> cconclu\u00eddo<br \/>\n<strong>Ubicaci\u00f3n:<\/strong> General Rojo &#8211; Provincia de Buenos Aires, Argentina<br \/>\n<strong>Sector:<\/strong> Energ\u00eda<br \/>\n<strong>Per\u00edodo:<\/strong> Agosto 2016 &#8211; Abril 2017[\/vc_column_text][\/vc_column][vc_column width=&#8221;1\/4&#8243;][vc_single_image image=&#8221;69&#8243; img_size=&#8221;medium&#8221; alignment=&#8221;center&#8221; onclick=&#8221;custom_link&#8221; link=&#8221;https:\/\/dvsantos.com\/project\/loma-de-la-lata\/&#8221;]\r\n<div class=\"sh-heading  \" id=\"heading-vjmFXOxa68\">\r\n\t<div class=\"sh-element-margin\">\r\n\r\n\t\t\r\n\t\t\t<h4 class=\"sh-heading-content size-default text-left\">\r\n\t\t\t\tLoma de la Lata\t\t\t<\/h4>\r\n\r\n\t\t\r\n\t<\/div>\r\n<\/div>\r\n            <style type=\"text\/css\">\r\n                #heading-vjmFXOxa68 .sh-element-margin {margin: 15px 0px 15px 0px;}#heading-vjmFXOxa68 .sh-heading-content {font-weight: 700!important;}#heading-vjmFXOxa68 .sh-heading-content,#heading-vjmFXOxa68 .sh-heading-additional-text {}            <\/style>\r\n        [vc_column_text]105 MW<br \/>\n<strong>Estado:<\/strong> conclu\u00eddo<br \/>\n<strong>Ubicaci\u00f3n:<\/strong> Loma de la Lata &#8211; Provincia del Neuqu\u00e9n, Argentina<br \/>\n<strong>Sector:<\/strong> Energ\u00eda<br \/>\n<strong>Per\u00edodo:<\/strong> Julio 2016 &#8211; Junio 2017[\/vc_column_text][\/vc_column][vc_column width=&#8221;1\/4&#8243;][\/vc_column][\/vc_row][vc_row overflow=&#8221;default&#8221;][vc_column]\r\n<div class=\"sh-heading  \" id=\"heading-MFaZ2yTClm\">\r\n\t<div class=\"sh-element-margin\">\r\n\r\n\t\t\r\n\t\t\t<h2 class=\"sh-heading-content size-default text-left\">\r\n\t\t\t\tHonduras\t\t\t<\/h2>\r\n\r\n\t\t\r\n\t<\/div>\r\n<\/div>\r\n            <style type=\"text\/css\">\r\n                #heading-MFaZ2yTClm .sh-element-margin {margin: 15px 0px 15px 0px;}#heading-MFaZ2yTClm .sh-heading-content {font-weight: 700!important;}#heading-MFaZ2yTClm .sh-heading-content,#heading-MFaZ2yTClm .sh-heading-additional-text {}            <\/style>\r\n        [vc_separator][\/vc_column][\/vc_row][vc_row overflow=&#8221;default&#8221;][vc_column width=&#8221;1\/4&#8243;][vc_single_image image=&#8221;777&#8243; img_size=&#8221;medium&#8221; alignment=&#8221;center&#8221; onclick=&#8221;custom_link&#8221; link=&#8221;https:\/\/dvsantos.com\/project\/choloma\/&#8221;]\r\n<div class=\"sh-heading  \" id=\"heading-TL76BJpPfl\">\r\n\t<div class=\"sh-element-margin\">\r\n\r\n\t\t\r\n\t\t\t<h4 class=\"sh-heading-content size-default text-left\">\r\n\t\t\t\tCholoma Cort\u00e9s\t\t\t<\/h4>\r\n\r\n\t\t\r\n\t<\/div>\r\n<\/div>\r\n            <style type=\"text\/css\">\r\n                #heading-TL76BJpPfl .sh-element-margin {margin: 15px 0px 15px 0px;}#heading-TL76BJpPfl .sh-heading-content {font-weight: 700!important;}#heading-TL76BJpPfl .sh-heading-content,#heading-TL76BJpPfl .sh-heading-additional-text {}            <\/style>\r\n        [vc_column_text]54 MW<br \/>\n<strong>Estado:<\/strong> conclu\u00eddo<br \/>\n<strong>Ubicaci\u00f3n:<\/strong> Choloma, Honduras<br \/>\n<strong>Sector:<\/strong> Energ\u00eda<br \/>\n<strong>Per\u00edodo:<\/strong> Octubre 2018 &#8211; Noviembre 2020[\/vc_column_text][\/vc_column][vc_column width=&#8221;1\/4&#8243;][\/vc_column][vc_column width=&#8221;1\/4&#8243;][\/vc_column][vc_column width=&#8221;1\/4&#8243;][\/vc_column][\/vc_row][vc_row overflow=&#8221;default&#8221;][vc_column]\r\n<div class=\"sh-heading  \" id=\"heading-7kUtz2fyCJ\">\r\n\t<div class=\"sh-element-margin\">\r\n\r\n\t\t\r\n\t\t\t<h2 class=\"sh-heading-content size-default text-left\">\r\n\t\t\t\tM\u00e9xico\t\t\t<\/h2>\r\n\r\n\t\t\r\n\t<\/div>\r\n<\/div>\r\n            <style type=\"text\/css\">\r\n                #heading-7kUtz2fyCJ .sh-element-margin {margin: 15px 0px 15px 0px;}#heading-7kUtz2fyCJ .sh-heading-content {font-weight: 700!important;}#heading-7kUtz2fyCJ .sh-heading-content,#heading-7kUtz2fyCJ .sh-heading-additional-text {}            <\/style>\r\n        [vc_separator][\/vc_column][\/vc_row][vc_row overflow=&#8221;default&#8221;][vc_column width=&#8221;1\/4&#8243;][vc_single_image image=&#8221;63&#8243; img_size=&#8221;medium&#8221; alignment=&#8221;center&#8221; onclick=&#8221;custom_link&#8221; link=&#8221;https:\/\/dvsantos.com\/project\/astoria\/&#8221;]\r\n<div class=\"sh-heading  \" id=\"heading-59Owr4hAm0\">\r\n\t<div class=\"sh-element-margin\">\r\n\r\n\t\t\r\n\t\t\t<h4 class=\"sh-heading-content size-default text-left\">\r\n\t\t\t\tAstoria II HRSG\t\t\t<\/h4>\r\n\r\n\t\t\r\n\t<\/div>\r\n<\/div>\r\n            <style type=\"text\/css\">\r\n                #heading-59Owr4hAm0 .sh-element-margin {margin: 15px 0px 15px 0px;}#heading-59Owr4hAm0 .sh-heading-content {font-weight: 700!important;}#heading-59Owr4hAm0 .sh-heading-content,#heading-59Owr4hAm0 .sh-heading-additional-text {}            <\/style>\r\n        [vc_column_text]170 MW<br \/>\n<strong>Status:<\/strong> Completed<br \/>\n<strong>Location:<\/strong> Tampico &#8211; M\u00e9xico<br \/>\n<strong>Sector:<\/strong> Energy<br \/>\n<strong>Date:<\/strong> January 2009 &#8211; January 2010[\/vc_column_text][\/vc_column][vc_column width=&#8221;1\/4&#8243;][vc_single_image image=&#8221;62&#8243; img_size=&#8221;medium&#8221; alignment=&#8221;center&#8221; onclick=&#8221;custom_link&#8221; link=&#8221;https:\/\/dvsantos.com\/project\/apizaco\/&#8221;]\r\n<div class=\"sh-heading  \" id=\"heading-92I1D8AVcF\">\r\n\t<div class=\"sh-element-margin\">\r\n\r\n\t\t\r\n\t\t\t<h4 class=\"sh-heading-content size-default text-left\">\r\n\t\t\t\tApizaco\t\t\t<\/h4>\r\n\r\n\t\t\r\n\t<\/div>\r\n<\/div>\r\n            <style type=\"text\/css\">\r\n                #heading-92I1D8AVcF .sh-element-margin {margin: 15px 0px 15px 0px;}#heading-92I1D8AVcF .sh-heading-content {font-weight: 700!important;}#heading-92I1D8AVcF .sh-heading-content,#heading-92I1D8AVcF .sh-heading-additional-text {}            <\/style>\r\n        [vc_column_text]45 MW<br \/>\n<strong>Estado:<\/strong> conclu\u00eddo<br \/>\n<strong>Ubicaci\u00f3n:<\/strong> Apizaco &#8211; M\u00e9xico<br \/>\n<strong>Sector:<\/strong> Energ\u00eda<br \/>\n<strong>Per\u00edodo:<\/strong> Febrero 2007 &#8211; Enero 2008[\/vc_column_text][\/vc_column][vc_column width=&#8221;1\/4&#8243;][vc_single_image image=&#8221;67&#8243; img_size=&#8221;medium&#8221; alignment=&#8221;center&#8221; onclick=&#8221;custom_link&#8221; link=&#8221;https:\/\/dvsantos.com\/project\/ecatepec\/&#8221;]\r\n<div class=\"sh-heading  \" id=\"heading-5d28SFirsj\">\r\n\t<div class=\"sh-element-margin\">\r\n\r\n\t\t\r\n\t\t\t<h4 class=\"sh-heading-content size-default text-left\">\r\n\t\t\t\tECATEPEC\t\t\t<\/h4>\r\n\r\n\t\t\r\n\t<\/div>\r\n<\/div>\r\n            <style type=\"text\/css\">\r\n                #heading-5d28SFirsj .sh-element-margin {margin: 15px 0px 15px 0px;}#heading-5d28SFirsj .sh-heading-content {font-weight: 700!important;}#heading-5d28SFirsj .sh-heading-content,#heading-5d28SFirsj .sh-heading-additional-text {}            <\/style>\r\n        [vc_column_text]32 MW<br \/>\n<strong>Estado:<\/strong> conclu\u00eddo<br \/>\n<strong>Ubicaci\u00f3n:<\/strong>\u00a0Luz y Fuerza \u2013 M\u00e9xico<br \/>\n<strong>Sector:<\/strong> Energ\u00eda<br \/>\n<strong>Per\u00edodo:<\/strong> Diciembre 2005 &#8211; Enero 2007[\/vc_column_text][\/vc_column][vc_column width=&#8221;1\/4&#8243;][vc_single_image image=&#8221;71&#8243; img_size=&#8221;medium&#8221; alignment=&#8221;center&#8221; onclick=&#8221;custom_link&#8221; link=&#8221;https:\/\/dvsantos.com\/project\/remedios\/&#8221;]\r\n<div class=\"sh-heading  \" id=\"heading-657cdkCt1f\">\r\n\t<div class=\"sh-element-margin\">\r\n\r\n\t\t\r\n\t\t\t<h4 class=\"sh-heading-content size-default text-left\">\r\n\t\t\t\tRemedios\t\t\t<\/h4>\r\n\r\n\t\t\r\n\t<\/div>\r\n<\/div>\r\n            <style type=\"text\/css\">\r\n                #heading-657cdkCt1f .sh-element-margin {margin: 15px 0px 15px 0px;}#heading-657cdkCt1f .sh-heading-content {font-weight: 700!important;}#heading-657cdkCt1f .sh-heading-content,#heading-657cdkCt1f .sh-heading-additional-text {}            <\/style>\r\n        [vc_column_text]32 MW<br \/>\n<strong>Estado:<\/strong> conclu\u00eddo<br \/>\n<strong>Ubicaci\u00f3n:<\/strong>\u00a0Luz y Fuerza \u2013 M\u00e9xico<br \/>\n<strong>Sector:<\/strong> Energ\u00eda<br \/>\n<strong>Per\u00edodo:<\/strong> Diciembre 2005 &#8211; Enero 2007[\/vc_column_text][\/vc_column][\/vc_row][vc_row overflow=&#8221;default&#8221;][vc_column width=&#8221;1\/4&#8243;][vc_single_image image=&#8221;66&#8243; img_size=&#8221;medium&#8221; alignment=&#8221;center&#8221; onclick=&#8221;custom_link&#8221; link=&#8221;https:\/\/dvsantos.com\/project\/cuautitlan\/&#8221;]\r\n<div class=\"sh-heading  \" id=\"heading-1XD9CBbu8F\">\r\n\t<div class=\"sh-element-margin\">\r\n\r\n\t\t\r\n\t\t\t<h4 class=\"sh-heading-content size-default text-left\">\r\n\t\t\t\tCuautitl\u00e1n\t\t\t<\/h4>\r\n\r\n\t\t\r\n\t<\/div>\r\n<\/div>\r\n            <style type=\"text\/css\">\r\n                #heading-1XD9CBbu8F .sh-element-margin {margin: 15px 0px 15px 0px;}#heading-1XD9CBbu8F .sh-heading-content {font-weight: 700!important;}#heading-1XD9CBbu8F .sh-heading-content,#heading-1XD9CBbu8F .sh-heading-additional-text {}            <\/style>\r\n        [vc_column_text]32 MW<br \/>\n<strong>Estado:<\/strong> conclu\u00eddo<br \/>\n<strong>Ubicaci\u00f3n:<\/strong>\u00a0Luz y Fuerza \u2013 M\u00e9xico<br \/>\n<strong>Sector:<\/strong> Energ\u00eda<br \/>\n<strong>Per\u00edodo:<\/strong> Diciembre 2005 &#8211; Enero 2007[\/vc_column_text][\/vc_column][vc_column width=&#8221;1\/4&#8243;][vc_single_image image=&#8221;72&#8243; img_size=&#8221;medium&#8221; alignment=&#8221;center&#8221; onclick=&#8221;custom_link&#8221; link=&#8221;https:\/\/dvsantos.com\/project\/vallejo\/&#8221;]\r\n<div class=\"sh-heading  \" id=\"heading-vUP5IxOKmX\">\r\n\t<div class=\"sh-element-margin\">\r\n\r\n\t\t\r\n\t\t\t<h4 class=\"sh-heading-content size-default text-left\">\r\n\t\t\t\tVallejo\t\t\t<\/h4>\r\n\r\n\t\t\r\n\t<\/div>\r\n<\/div>\r\n            <style type=\"text\/css\">\r\n                #heading-vUP5IxOKmX .sh-element-margin {margin: 15px 0px 15px 0px;}#heading-vUP5IxOKmX .sh-heading-content {font-weight: 700!important;}#heading-vUP5IxOKmX .sh-heading-content,#heading-vUP5IxOKmX .sh-heading-additional-text {}            <\/style>\r\n        [vc_column_text]32 MW<br \/>\n<strong>Estado:<\/strong> conclu\u00eddo<br \/>\n<strong>Ubicaci\u00f3n:<\/strong>\u00a0Luz y Fuerza \u2013 M\u00e9xico<br \/>\n<strong>Sector:<\/strong> Energ\u00eda<br \/>\n<strong>Per\u00edodo:<\/strong> Diciembre 2005 &#8211; Enero 2007[\/vc_column_text][\/vc_column][vc_column width=&#8221;1\/4&#8243;][vc_single_image image=&#8221;65&#8243; img_size=&#8221;medium&#8221; alignment=&#8221;center&#8221; onclick=&#8221;custom_link&#8221; link=&#8221;https:\/\/dvsantos.com\/project\/coyotepec\/&#8221;]\r\n<div class=\"sh-heading  \" id=\"heading-5eIwQ4nx3a\">\r\n\t<div class=\"sh-element-margin\">\r\n\r\n\t\t\r\n\t\t\t<h4 class=\"sh-heading-content size-default text-left\">\r\n\t\t\t\tCoyotepec\t\t\t<\/h4>\r\n\r\n\t\t\r\n\t<\/div>\r\n<\/div>\r\n            <style type=\"text\/css\">\r\n                #heading-5eIwQ4nx3a .sh-element-margin {margin: 15px 0px 15px 0px;}#heading-5eIwQ4nx3a .sh-heading-content {font-weight: 700!important;}#heading-5eIwQ4nx3a .sh-heading-content,#heading-5eIwQ4nx3a .sh-heading-additional-text {}            <\/style>\r\n        [vc_column_text]64 MW<br \/>\n<strong>Estado:<\/strong> conclu\u00eddo<br \/>\n<strong>Ubicaci\u00f3n:<\/strong> Apizaco &#8211; M\u00e9xico<br \/>\n<strong>Sector:<\/strong> Energ\u00eda<br \/>\n<strong>Per\u00edodo:<\/strong> Febrero 2007 &#8211; Enero 2008[\/vc_column_text][\/vc_column][vc_column width=&#8221;1\/4&#8243;][vc_single_image image=&#8221;73&#8243; img_size=&#8221;medium&#8221; alignment=&#8221;center&#8221; onclick=&#8221;custom_link&#8221; link=&#8221;https:\/\/dvsantos.com\/project\/villa-flores\/&#8221;]\r\n<div class=\"sh-heading  \" id=\"heading-eijV58EWnw\">\r\n\t<div class=\"sh-element-margin\">\r\n\r\n\t\t\r\n\t\t\t<h4 class=\"sh-heading-content size-default text-left\">\r\n\t\t\t\tVilla de las Flores\t\t\t<\/h4>\r\n\r\n\t\t\r\n\t<\/div>\r\n<\/div>\r\n            <style type=\"text\/css\">\r\n                #heading-eijV58EWnw .sh-element-margin {margin: 15px 0px 15px 0px;}#heading-eijV58EWnw .sh-heading-content {font-weight: 700!important;}#heading-eijV58EWnw .sh-heading-content,#heading-eijV58EWnw .sh-heading-additional-text {}            <\/style>\r\n        [vc_column_text]32 MW<br \/>\n<strong>Estado:<\/strong> conclu\u00eddo<br \/>\n<strong>Ubicaci\u00f3n:<\/strong>\u00a0Luz y Fuerza \u2013 M\u00e9xico<br \/>\n<strong>Sector:<\/strong> Energ\u00eda<br \/>\n<strong>Per\u00edodo:<\/strong> Diciembre 2005 &#8211; Enero 2007[\/vc_column_text][\/vc_column][\/vc_row][vc_row overflow=&#8221;default&#8221;][vc_column width=&#8221;1\/4&#8243;][vc_single_image image=&#8221;70&#8243; img_size=&#8221;medium&#8221; alignment=&#8221;center&#8221; onclick=&#8221;custom_link&#8221; link=&#8221;https:\/\/dvsantos.com\/project\/victoria\/&#8221;]\r\n<div class=\"sh-heading  \" id=\"heading-CWruBET3H5\">\r\n\t<div class=\"sh-element-margin\">\r\n\r\n\t\t\r\n\t\t\t<h4 class=\"sh-heading-content size-default text-left\">\r\n\t\t\t\tVictoria\t\t\t<\/h4>\r\n\r\n\t\t\r\n\t<\/div>\r\n<\/div>\r\n            <style type=\"text\/css\">\r\n                #heading-CWruBET3H5 .sh-element-margin {margin: 15px 0px 15px 0px;}#heading-CWruBET3H5 .sh-heading-content {font-weight: 700!important;}#heading-CWruBET3H5 .sh-heading-content,#heading-CWruBET3H5 .sh-heading-additional-text {}            <\/style>\r\n        [vc_column_text]32 MW<br \/>\n<strong>Estado:<\/strong> conclu\u00eddo<br \/>\n<strong>Ubicaci\u00f3n:<\/strong>\u00a0Luz y Fuerza \u2013 M\u00e9xico<br \/>\n<strong>Sector:<\/strong> Energ\u00eda<br \/>\n<strong>Per\u00edodo:<\/strong> Diciembre 2005 &#8211; Enero 2007[\/vc_column_text][\/vc_column][vc_column width=&#8221;1\/4&#8243;][\/vc_column][vc_column width=&#8221;1\/4&#8243;][\/vc_column][vc_column width=&#8221;1\/4&#8243;][\/vc_column][\/vc_row]<\/p>\n","protected":false},"excerpt":{"rendered":"<p>[vc_row overflow=&#8221;default&#8221; css=&#8221;.vc_custom_1738944487112{padding-top: 90px !important;}&#8221;][vc_column][\/vc_column][\/vc_row][vc_row overflow=&#8221;default&#8221;][vc_column][vc_separator][\/vc_column][\/vc_row][vc_row overflow=&#8221;default&#8221;][vc_column width=&#8221;1\/4&#8243;][vc_single_image image=&#8221;773&#8243; img_size=&#8221;medium&#8221; alignment=&#8221;center&#8221; onclick=&#8221;custom_link&#8221; link=&#8221;https:\/\/dvsantos.com\/project\/ramallo\/&#8221;][vc_column_text]256 MW Estado: en ejecuci\u00f3n Ubicaci\u00f3n: Abasto Brandsen &#8211; Prov. de Buenos Aires, Argentina Sector: Energ\u00eda Per\u00edodo: 2023 &#8211; en curso[\/vc_column_text][\/vc_column][vc_column width=&#8221;1\/4&#8243;][vc_single_image image=&#8221;882&#8243; img_size=&#8221;medium&#8221; alignment=&#8221;center&#8221; onclick=&#8221;custom_link&#8221; link=&#8221;https:\/\/dvsantos.com\/project\/san-pedro\/&#8221;][vc_column_text]216 MW Estado: Conclu\u00eddo Ubicaci\u00f3n: San Pedro, Prov. de Buenos Aires, Argentina Sector: Energ\u00eda Per\u00edodo: 2022 \u2013 2024[\/vc_column_text][\/vc_column][vc_column width=&#8221;1\/4&#8243;][vc_single_image image=&#8221;426&#8243; img_size=&#8221;medium&#8221; alignment=&#8221;center&#8221; onclick=&#8221;custom_link&#8221; link=&#8221;https:\/\/dvsantos.com\/project\/san-lorenzo\/&#8221;][vc_column_text]350 MW Estado: conclu\u00eddo Ubicaci\u00f3n: San Lorenzo, Provincia de Santa Fe, Argentina Sector: Energy Per\u00edodo: Noviembre&#8230;<\/p>\n","protected":false},"author":1,"featured_media":0,"parent":0,"menu_order":0,"comment_status":"closed","ping_status":"closed","template":"single-shufflehound_header.php","meta":{"footnotes":""},"class_list":["post-896","page","type-page","status-publish","hentry"],"_links":{"self":[{"href":"https:\/\/dvsantos.com\/es\/wp-json\/wp\/v2\/pages\/896","targetHints":{"allow":["GET"]}}],"collection":[{"href":"https:\/\/dvsantos.com\/es\/wp-json\/wp\/v2\/pages"}],"about":[{"href":"https:\/\/dvsantos.com\/es\/wp-json\/wp\/v2\/types\/page"}],"author":[{"embeddable":true,"href":"https:\/\/dvsantos.com\/es\/wp-json\/wp\/v2\/users\/1"}],"replies":[{"embeddable":true,"href":"https:\/\/dvsantos.com\/es\/wp-json\/wp\/v2\/comments?post=896"}],"version-history":[{"count":12,"href":"https:\/\/dvsantos.com\/es\/wp-json\/wp\/v2\/pages\/896\/revisions"}],"predecessor-version":[{"id":924,"href":"https:\/\/dvsantos.com\/es\/wp-json\/wp\/v2\/pages\/896\/revisions\/924"}],"wp:attachment":[{"href":"https:\/\/dvsantos.com\/es\/wp-json\/wp\/v2\/media?parent=896"}],"curies":[{"name":"wp","href":"https:\/\/api.w.org\/{rel}","templated":true}]}}